{"id":712,"date":"2019-08-30T09:33:11","date_gmt":"2019-08-30T09:33:11","guid":{"rendered":"https:\/\/alacharmprices.com\/?page_id=712"},"modified":"2022-12-14T13:33:37","modified_gmt":"2022-12-14T13:33:37","slug":"entrance","status":"publish","type":"page","link":"https:\/\/alacharmprices.com\/de\/entrance","title":{"rendered":"EINTRITT"},"content":{"rendered":"<p><img loading=\"lazy\" class=\"aligncenter wp-image-714 size-large\" src=\"https:\/\/alacharmprices.com\/wp-content\/uploads\/2019\/08\/A_La_Charm-0375-1024x683.jpg\" alt=\"\" width=\"1024\" height=\"683\" srcset=\"https:\/\/alacharmprices.com\/wp-content\/uploads\/2019\/08\/A_La_Charm-0375-1024x683.jpg 1024w, https:\/\/alacharmprices.com\/wp-content\/uploads\/2019\/08\/A_La_Charm-0375-300x200.jpg 300w, https:\/\/alacharmprices.com\/wp-content\/uploads\/2019\/08\/A_La_Charm-0375-768x512.jpg 768w, https:\/\/alacharmprices.com\/wp-content\/uploads\/2019\/08\/A_La_Charm-0375-382x255.jpg 382w, https:\/\/alacharmprices.com\/wp-content\/uploads\/2019\/08\/A_La_Charm-0375-434x289.jpg 434w, https:\/\/alacharmprices.com\/wp-content\/uploads\/2019\/08\/A_La_Charm-0375-800x533.jpg 800w, https:\/\/alacharmprices.com\/wp-content\/uploads\/2019\/08\/A_La_Charm-0375-512x341.jpg 512w\" sizes=\"(max-width: 1024px) 100vw, 1024px\" \/><\/p>\n<p style=\"text-align: center;\"><span style=\"color: #ff0000; background-color: #ffffff;\">EINTRITT<\/span><\/p>\n<p>EINTRITT FREI<\/p>\n<p>MINDESTVERZEHR betr\u00e4gt <strong>20\u20ac<\/strong><\/p>\n<p>Unsere T\u00e4nzerinnen tanzen nach einander jeweils 4 Lieder. Das 3. und das 4. Lied wird immer eine Dusch-show sein.<\/p>\n<p>Die Pause zwischen den Auftritten der T\u00e4nzerinnen ist 10 Min und es ist der perfekte Augenblick, den Privat Dance zu bestellen.<\/p>\n<p>Hier k\u00f6nnen Sie die Liste der Getr\u00e4nke einsehen: <a href=\"https:\/\/alacharmprices.com\/de\/getraenke\">GETR\u00c4NKE<\/a><\/p>\n<p style=\"text-align: center;\"><span style=\"color: #ff0000; background-color: #ffffff;\">TIP$ ZONE<\/span><\/p>\n<ul>\n<li>10\u20ac erm\u00f6glichen das Betreten der TIP$ ZONE an der Bar, inklusive 1 Getr\u00e4nk und 15 Min Aufenthalt, d.h. w\u00e4hrend des Auftritts genau einer T\u00e4nzerin.<\/li>\n<li>20\u20ac erm\u00f6glichen das Betreten der TIP$ ZONE an der Gro\u00dfen B\u00fchne, inklusive 1 Longdrink und 15 Min Aufenthalt, d.h. w\u00e4hrend des Auftritts genau einer T\u00e4nzerin.<\/li>\n<\/ul>\n<p>Schenken Sie sich und der T\u00e4nzerin die Freude der TIP$, um sie ber\u00fchren zu d\u00fcrfen!<\/p>\n<p style=\"text-align: center;\"><span style=\"color: #ff0000; background-color: #ffffff;\">EXTRAS<\/span><\/p>\n<p style=\"text-align: center;\">Unsere Angebote orientieren sich nach dem gew\u00fcnschten <span style=\"color: #ff0000;\">Budget<\/span> der G\u00e4ste.<\/p>\n<p align=\"CENTER\"><u>1\u20ac bis 10\u20ac<\/u><\/p>\n<p>Wir bieten an, die Dollar-TIP$ zu erwerben und daf\u00fcr den Zugang zum Table Dance direkt gegen\u00fcber der gro\u00dfen B\u00fchne zu bekommen, wo sie eine besondere Aufmerksamkeit der T\u00e4nzerin genie\u00dfen k\u00f6nnen. Table Dance ab 1\u20ac gibt es nur bei uns!<\/p>\n<p align=\"CENTER\"><u>20\u20ac bis 25\u20ac<\/u><\/p>\n<p>Eine Gesellschaft aus 4-5 G\u00e4sten kann gern einen Private Dance zum Preis von 100\u20ac f\u00fcr 5 Min und maximal 5 G\u00e4ste erwerben. Unser Private Dance ist FULL STRIP in einem extra abgeschirmten Bereich mit der M\u00f6glichkeit, die T\u00e4nzerin zu ber\u00fchren. Es ist eine wirklich hei\u00dfe Show!<\/p>\n<p>F\u00fcr eine Gesellschaft aus 2 G\u00e4sten k\u00f6nnen wir f\u00fcr 50\u20ac den Ladydrink anbieten, inklusive Aufenthalt (15 Min) in der Smoking Lounge (Rauchen erlaubt!) in der angenehmen Gesellschaft einer von unseren aufregenden T\u00e4nzerinnen<\/p>\n<p align=\"CENTER\"><u>30\u20ac bis 35\u20ac<\/u><\/p>\n<p>Hier bietet sich ein Private Dance f\u00fcr 10 Minuten und maximal 5 G\u00e4ste im extra abgeschirmten Bereich. Unser Private Dance ist immer FULL STRIP, verpassen Sie nicht die hei\u00dfeste Gelegenheit des Abends!<\/p>\n<p align=\"CENTER\"><u>50\u20ac bis 60\u20ac<\/u><\/p>\n<p>Damit kommen Sie in den Genuss eines speziellen VIP-Packets f\u00fcr 250\u20ac f\u00fcr 5 Personen inklusive:<\/p>\n<ul>\n<li>VIP Smoking Lounge in Separee mit geschlossenen Gardinen f\u00fcr 30 Minuten<\/li>\n<li>Private Dance mit FULL STRIP f\u00fcr 10 Minuten, es ist erlaubt, die T\u00e4nzerin zu ber\u00fchren!<\/li>\n<li>20 Minuten ATTRAKTIVE GESELLSCHAFT einer TOPLESS T\u00e4nzerin, die Sie unterh\u00e4lt und mit Ihnen anst\u00f6\u00dft<\/li>\n<li>Eine 0,7 l Flasche Whisky\/Wodka\/Gin\/Rum + Softdrinks oder 0,375 Sekt<\/li>\n<\/ul>\n<p>Die VIP-Lounge ist das ideale Angebot f\u00fcr eine Business-gruppe oder einfach eine fr\u00f6hliche Gesellschaft, die zu einem recht passenden Preis hochklassische Unterhaltung bekommt<\/p>\n<p style=\"text-align: center;\"><span style=\"color: #ff0000; background-color: #ffffff;\">UNSERE PHILOSOPHIE<\/span><\/p>\n<p>Unser Program ist f\u00fcr etwa eine Stunde gedacht, danach f\u00e4ngt alles von vorne an. In dieser Zeit k\u00f6nnen Sie sich f\u00fcr weitere Angebote entscheiden und sie f\u00fcr den weiteren Aufenthalt bestellen:<\/p>\n<ul>\n<li>eine T\u00e4nzerin f\u00fcr Private Dance<\/li>\n<li>eine T\u00e4nzerin f\u00fcr Tabledance in der TIP$-Zone<\/li>\n<li>attraktive Gesellschaft unserer T\u00e4nzerinnen in der Ladydrink Lounge<\/li>\n<li>eine spezielle Show auf der B\u00fchne<\/li>\n<li>eins von unseren weiteren attraktiven Angeboten ausw\u00e4hlen<\/li>\n<\/ul>\n<p style=\"text-align: center;\"><span style=\"color: #ff0000; background-color: #ffffff;\">GARANTIE<\/span><\/p>\n<p>Professionelle Unterhaltung f\u00fcr Erwachsene muss gelernt sein. Denn es geht darum, den Gast zu verf\u00fchren, zu begeistern und ihm das sichere Gef\u00fchl zu geben, dass er am Ende nur das bezahlt, was er auch bestellt hat. Daf\u00fcr haben wir eine Festpreisgarantie entwickelt. Jede buchbare Show wird dem Gast in allen Einzelheiten erl\u00e4utert, so dass bei Preis und Leistung keine Missverst\u00e4ndnisse entstehen k\u00f6nnen. Damit unterscheiden wir uns wohltuend von anderen Anbietern auf Hamburgs beliebtester Meile.<\/p>\n<p>Unser Ziel ist es, ihnen akrobatische, bet\u00f6rende Shows und ein alle Sinne stimulierendes Entertainment zu bieten. Unsere T\u00e4nzerinnen sind ausgebildet Unterhaltungsk\u00fcnstlerinnen, die Ihnen zwar nahe kommen, aber niemals zu sehr \u201eauf die Pelle r\u00fccken.\u201c Damit die Damen auch in das rechte Licht gesetzt werden, sorgt unser Licht und Soundsystem, das viele Stimmungen herbeizaubern kann und die K\u00f6rper sanft mit Farbe bemalt.<\/p>\n<p>Lassen Sie sich einfach mal bei einem Besuch \u00fcberzeugen. Sie werden es lieben!<\/p>\n<h1 style=\"text-align: center;\"><a href=\"https:\/\/alacharmprices.com\/eintritt-kalkulator\"><span style=\"color: #261533;\">HAMBURG<\/span><\/a><\/h1>\n","protected":false},"excerpt":{"rendered":"","protected":false},"author":1,"featured_media":0,"parent":0,"menu_order":0,"comment_status":"closed","ping_status":"closed","template":"","meta":[],"_links":{"self":[{"href":"https:\/\/alacharmprices.com\/de\/wp-json\/wp\/v2\/pages\/712"}],"collection":[{"href":"https:\/\/alacharmprices.com\/de\/wp-json\/wp\/v2\/pages"}],"about":[{"href":"https:\/\/alacharmprices.com\/de\/wp-json\/wp\/v2\/types\/page"}],"author":[{"embeddable":true,"href":"https:\/\/alacharmprices.com\/de\/wp-json\/wp\/v2\/users\/1"}],"replies":[{"embeddable":true,"href":"https:\/\/alacharmprices.com\/de\/wp-json\/wp\/v2\/comments?post=712"}],"version-history":[{"count":56,"href":"https:\/\/alacharmprices.com\/de\/wp-json\/wp\/v2\/pages\/712\/revisions"}],"predecessor-version":[{"id":1478,"href":"https:\/\/alacharmprices.com\/de\/wp-json\/wp\/v2\/pages\/712\/revisions\/1478"}],"wp:attachment":[{"href":"https:\/\/alacharmprices.com\/de\/wp-json\/wp\/v2\/media?parent=712"}],"curies":[{"name":"wp","href":"https:\/\/api.w.org\/{rel}","templated":true}]}}