{"id":372,"date":"2019-07-27T20:08:40","date_gmt":"2019-07-27T20:08:40","guid":{"rendered":"https:\/\/alacharmprices.com\/?page_id=372"},"modified":"2019-08-26T19:00:34","modified_gmt":"2019-08-26T19:00:34","slug":"erotik-cafe","status":"publish","type":"page","link":"https:\/\/alacharmprices.com\/de\/erotik-cafe","title":{"rendered":"Discrete Lounge"},"content":{"rendered":"\n<p><img loading=\"lazy\" class=\" wp-image-374 alignleft\" src=\"https:\/\/alacharmprices.com\/wp-content\/uploads\/2019\/07\/photos-by-lanty-599119-unsplash-300x200.jpg\" alt=\"\" width=\"376\" height=\"250\" srcset=\"https:\/\/alacharmprices.com\/wp-content\/uploads\/2019\/07\/photos-by-lanty-599119-unsplash-300x200.jpg 300w, https:\/\/alacharmprices.com\/wp-content\/uploads\/2019\/07\/photos-by-lanty-599119-unsplash-768x512.jpg 768w, https:\/\/alacharmprices.com\/wp-content\/uploads\/2019\/07\/photos-by-lanty-599119-unsplash-1024x683.jpg 1024w, https:\/\/alacharmprices.com\/wp-content\/uploads\/2019\/07\/photos-by-lanty-599119-unsplash-382x255.jpg 382w, https:\/\/alacharmprices.com\/wp-content\/uploads\/2019\/07\/photos-by-lanty-599119-unsplash-434x289.jpg 434w, https:\/\/alacharmprices.com\/wp-content\/uploads\/2019\/07\/photos-by-lanty-599119-unsplash-800x533.jpg 800w, https:\/\/alacharmprices.com\/wp-content\/uploads\/2019\/07\/photos-by-lanty-599119-unsplash-512x341.jpg 512w\" sizes=\"(max-width: 376px) 100vw, 376px\" \/><\/p>\n<p>Schon bald wird es in unserem Club doppelt so hei\u00df und Sie werden in unserer Chillout-Lounge verschiedene Shows unserer sexy T\u00e4nzer und ein hei\u00dfes Getr\u00e4nk in gem\u00fctlicher Atmosph\u00e4re genie\u00dfen k\u00f6nnen. Unsere <span style=\"color: #ff0000; background-color: #ffffff;\">Discrete Lounge<\/span>\u00a0wird gerade noch renoviert, \u00f6ffnet aber in K\u00fcrze seine Pforten.<\/p>\n","protected":false},"excerpt":{"rendered":"","protected":false},"author":1,"featured_media":0,"parent":0,"menu_order":0,"comment_status":"closed","ping_status":"closed","template":"","meta":[],"_links":{"self":[{"href":"https:\/\/alacharmprices.com\/de\/wp-json\/wp\/v2\/pages\/372"}],"collection":[{"href":"https:\/\/alacharmprices.com\/de\/wp-json\/wp\/v2\/pages"}],"about":[{"href":"https:\/\/alacharmprices.com\/de\/wp-json\/wp\/v2\/types\/page"}],"author":[{"embeddable":true,"href":"https:\/\/alacharmprices.com\/de\/wp-json\/wp\/v2\/users\/1"}],"replies":[{"embeddable":true,"href":"https:\/\/alacharmprices.com\/de\/wp-json\/wp\/v2\/comments?post=372"}],"version-history":[{"count":18,"href":"https:\/\/alacharmprices.com\/de\/wp-json\/wp\/v2\/pages\/372\/revisions"}],"predecessor-version":[{"id":710,"href":"https:\/\/alacharmprices.com\/de\/wp-json\/wp\/v2\/pages\/372\/revisions\/710"}],"wp:attachment":[{"href":"https:\/\/alacharmprices.com\/de\/wp-json\/wp\/v2\/media?parent=372"}],"curies":[{"name":"wp","href":"https:\/\/api.w.org\/{rel}","templated":true}]}}