{"id":358,"date":"2019-07-27T19:53:11","date_gmt":"2019-07-27T19:53:11","guid":{"rendered":"https:\/\/alacharmprices.com\/?page_id=358"},"modified":"2022-12-15T14:14:19","modified_gmt":"2022-12-15T14:14:19","slug":"vip-lounge","status":"publish","type":"page","link":"https:\/\/alacharmprices.com\/de\/vip-lounge","title":{"rendered":"VIP LOUNGE"},"content":{"rendered":"\r\n<p style=\"text-align: left;\"><strong><em><img loading=\"lazy\" class=\"aligncenter wp-image-361 size-full\" src=\"https:\/\/alacharmprices.com\/wp-content\/uploads\/2019\/07\/rundgang-11.jpg\" alt=\"\" width=\"640\" height=\"428\" srcset=\"https:\/\/alacharmprices.com\/wp-content\/uploads\/2019\/07\/rundgang-11.jpg 640w, https:\/\/alacharmprices.com\/wp-content\/uploads\/2019\/07\/rundgang-11-300x201.jpg 300w, https:\/\/alacharmprices.com\/wp-content\/uploads\/2019\/07\/rundgang-11-382x255.jpg 382w, https:\/\/alacharmprices.com\/wp-content\/uploads\/2019\/07\/rundgang-11-434x290.jpg 434w, https:\/\/alacharmprices.com\/wp-content\/uploads\/2019\/07\/rundgang-11-512x342.jpg 512w\" sizes=\"(max-width: 640px) 100vw, 640px\" \/><\/em><\/strong><\/p>\r\n<p style=\"text-align: left;\"><strong><span style=\"text-decoration: underline;\">VIP-ANGEBOT<\/span><\/strong>: 1 Stunde VIP Lounge f\u00fcr 350\u20ac pro Tisch, inkl. 1 Flasche Whisky\/Vodka\/Rum\/Gin und 5 Softdrinks.<\/p>\r\n<p style=\"text-align: center;\">&#8212;&#8212;&#8212;&#8212;<\/p>\r\n<p style=\"text-align: center;\"><em><span style=\"color: #ff0000; background-color: #ffffff;\">Max. 5 G\u00e4ste am Tisch!<\/span><\/em><\/p>\r\n<p style=\"text-align: left;\">Wenn es mehr sind, wird ein weiterer Tisch bestellt.<\/p>\r\n<p><em>*** Optional k\u00f6nnen Sie den Tanz auf dem Tisch mit FULLSTRIP oder TOPLESS SERVICE genie\u00dfen ***<\/em><\/p>\r\n<p style=\"text-align: center;\">&#8212;&#8212;&#8212;&#8212;<\/p>\r\n<p style=\"text-align: center;\"><span style=\"text-decoration: underline;\"><span style=\"color: #ff0000; text-decoration: underline;\"><span style=\"color: #ffffff; text-decoration: underline;\"><span style=\"color: #ff0000; background-color: #ffffff;\">Attractive Company in der VIP<\/span><\/span><\/span><\/span><\/p>\r\n<p>Im Preis der folgenden Angebote is Champagner verschiedener Sorten inklusive, was einen unverzichtbaren Part einer guten Gesellschaft ausmacht und eine ausgelassene Stimmung bei den M\u00e4dchen sichert.<\/p>\r\n<p style=\"text-align: center;\">&#8212;&#8212;&#8212;&#8212;<\/p>\r\n<p><span style=\"text-decoration: underline;\"><span style=\"color: #ff0000; text-decoration: underline;\"><span style=\"color: #ffffff; text-decoration: underline;\"><span style=\"color: #ff0000; background-color: #ffffff;\">30 Min<\/span><\/span><\/span><\/span>\u00a0 im Preis von <strong>250\u20ac<\/strong> <em>(pro Tisch, max 5 G\u00e4ste)<\/em><\/p>\r\n<ul>\r\n<li>30 min VIP Lounge, inkl. 1 0,7 Flasche Whisky\/Vodka\/Rum\/Gin und Softdrinks<\/li>\r\n<li>30 Min attraktive TOPLESS Gesellschaft mit 1 T\u00e4nzerin<\/li>\r\n<li>Eintritt FREI<\/li>\r\n<\/ul>\r\n<p style=\"text-align: center;\">&#8212;&#8212;&#8212;&#8212;<\/p>\r\n<p><span style=\"text-decoration: underline;\"><span style=\"color: #ff0000; text-decoration: underline;\"><span style=\"color: #ffffff; text-decoration: underline;\"><span style=\"color: #ff0000; background-color: #ffffff;\">1 Stunde<\/span><\/span><\/span><\/span> im Preis von <strong>350\u20ac<\/strong> <em>(pro Tisch, max 5 G\u00e4ste)<\/em><\/p>\r\n<ul>\r\n<li>\r\n<p>1 Stunde VIP-Lounge, inkl. 1 0,7 Flasche Whisky\/Vodka\/Rum\/Gin und Softdrinks<\/p>\r\n<\/li>\r\n<li>\r\n<p>10 min Private Dance (hinter geschlossenen Gardinen, FULL STRIP, Ber\u00fchren ist erlaubt!)<\/p>\r\n<\/li>\r\n<li>\r\n<p>20 Min attraktive TOPLESS Gesellschaft mit 1 T\u00e4nzerin<\/p>\r\n<\/li>\r\n<li>Eintritt FREI<\/li>\r\n<\/ul>\r\n<p style=\"text-align: center;\">&#8212;&#8212;&#8212;&#8212;<\/p>\r\n<p>Entspannen, abschalten, relaxen oder angeregt Business betreiben. Das A La Charm bietet daf\u00fcr den idealen Rahmen. Unser gro\u00dfz\u00fcgiger VIP-Bereich ist mit bequemen Sitzgarnituren ausgestattet und besitzt sogar eine eigene B\u00fchne. Unseren G\u00e4sten wird nat\u00fcrlich eine aufmerksame Bedienung an die Seite gestellt.<\/p>\r\n<p>Angezogen oder Oben Ohne \u2013 ganz nach Ihrem Wunsch. Unser VIP-Bereich ist komplett abtrennbar, so dass sie ungest\u00f6rt sind. Gerne servieren wir Ihnen dort Speisen, die von unseren Gastronomiepartnern nach ihren Vorgaben erstellt werden. Oder sie w\u00e4hlen gleich unser beliebtestes Format \u201e<span style=\"color: #ff0000;\"><a style=\"color: #ff0000;\" href=\"https:\/\/alacharmprices.com\/de\/strip-and-steak\">Strip&#038;Steak<\/a><\/span>\u201c, das zwei Strip-Shows beinhaltet.<\/p>\r\n<p><br \/>Doch glauben Sie nicht der VIP-Bereich ist nur was f\u00fcr M\u00e4nner, schon viele <span style=\"color: #ff0000;\">Frauen<\/span> hatten hinter dem Vorhang einen Mordspass.<\/p>\r\n<p><span style=\"color: #ff0000;\">Rauchen<\/span> ist im VIP-Bereich gestattet, Anfassen der T\u00e4nzerinnen w\u00e4hrend der Stripshows ebenfalls. \u00dcber die Grenzen des Anfassens entscheiden die T\u00e4nzerinnen selbst und es geht eher um z\u00e4rtliches Streicheln und nicht um grobes Befummeln oder gar Klapsen oder Klatschen. Leichte Ber\u00fchrungen, ohne Kraft Anwendung sind bis auf den Genitalbereich willkommen.<\/p>\r\n\r\n\r\n\r\n<p>\u00a0<img loading=\"lazy\" class=\"alignnone  wp-image-367\" src=\"https:\/\/alacharmprices.com\/wp-content\/uploads\/2019\/07\/rundgang-14-300x201.jpg\" alt=\"\" width=\"370\" height=\"248\" srcset=\"https:\/\/alacharmprices.com\/wp-content\/uploads\/2019\/07\/rundgang-14-300x201.jpg 300w, https:\/\/alacharmprices.com\/wp-content\/uploads\/2019\/07\/rundgang-14-382x255.jpg 382w, https:\/\/alacharmprices.com\/wp-content\/uploads\/2019\/07\/rundgang-14-434x290.jpg 434w, https:\/\/alacharmprices.com\/wp-content\/uploads\/2019\/07\/rundgang-14-512x342.jpg 512w, https:\/\/alacharmprices.com\/wp-content\/uploads\/2019\/07\/rundgang-14.jpg 640w\" sizes=\"(max-width: 370px) 100vw, 370px\" \/><img loading=\"lazy\" class=\"alignnone  wp-image-365\" src=\"https:\/\/alacharmprices.com\/wp-content\/uploads\/2019\/07\/A_La_Charm_1367-300x200.jpg\" alt=\"\" width=\"371\" height=\"247\" srcset=\"https:\/\/alacharmprices.com\/wp-content\/uploads\/2019\/07\/A_La_Charm_1367-300x200.jpg 300w, https:\/\/alacharmprices.com\/wp-content\/uploads\/2019\/07\/A_La_Charm_1367-382x255.jpg 382w, https:\/\/alacharmprices.com\/wp-content\/uploads\/2019\/07\/A_La_Charm_1367-434x290.jpg 434w, https:\/\/alacharmprices.com\/wp-content\/uploads\/2019\/07\/A_La_Charm_1367-512x342.jpg 512w, https:\/\/alacharmprices.com\/wp-content\/uploads\/2019\/07\/A_La_Charm_1367.jpg 640w\" sizes=\"(max-width: 371px) 100vw, 371px\" \/> <img loading=\"lazy\" class=\"alignnone  wp-image-366\" src=\"https:\/\/alacharmprices.com\/wp-content\/uploads\/2019\/07\/rundgang-7-300x201.jpg\" alt=\"\" width=\"369\" height=\"247\" srcset=\"https:\/\/alacharmprices.com\/wp-content\/uploads\/2019\/07\/rundgang-7-300x201.jpg 300w, https:\/\/alacharmprices.com\/wp-content\/uploads\/2019\/07\/rundgang-7-382x255.jpg 382w, https:\/\/alacharmprices.com\/wp-content\/uploads\/2019\/07\/rundgang-7-434x290.jpg 434w, https:\/\/alacharmprices.com\/wp-content\/uploads\/2019\/07\/rundgang-7-512x342.jpg 512w, https:\/\/alacharmprices.com\/wp-content\/uploads\/2019\/07\/rundgang-7.jpg 640w\" sizes=\"(max-width: 369px) 100vw, 369px\" \/><img loading=\"lazy\" class=\"alignnone  wp-image-1274\" src=\"https:\/\/alacharmprices.com\/wp-content\/uploads\/2019\/12\/rental_fee-300x104.jpg\" alt=\"\" width=\"369\" height=\"128\" srcset=\"https:\/\/alacharmprices.com\/wp-content\/uploads\/2019\/12\/rental_fee-300x104.jpg 300w, https:\/\/alacharmprices.com\/wp-content\/uploads\/2019\/12\/rental_fee.jpg 402w\" sizes=\"(max-width: 369px) 100vw, 369px\" \/><\/p>\r\n","protected":false},"excerpt":{"rendered":"","protected":false},"author":1,"featured_media":0,"parent":0,"menu_order":0,"comment_status":"closed","ping_status":"closed","template":"","meta":[],"_links":{"self":[{"href":"https:\/\/alacharmprices.com\/de\/wp-json\/wp\/v2\/pages\/358"}],"collection":[{"href":"https:\/\/alacharmprices.com\/de\/wp-json\/wp\/v2\/pages"}],"about":[{"href":"https:\/\/alacharmprices.com\/de\/wp-json\/wp\/v2\/types\/page"}],"author":[{"embeddable":true,"href":"https:\/\/alacharmprices.com\/de\/wp-json\/wp\/v2\/users\/1"}],"replies":[{"embeddable":true,"href":"https:\/\/alacharmprices.com\/de\/wp-json\/wp\/v2\/comments?post=358"}],"version-history":[{"count":129,"href":"https:\/\/alacharmprices.com\/de\/wp-json\/wp\/v2\/pages\/358\/revisions"}],"predecessor-version":[{"id":1483,"href":"https:\/\/alacharmprices.com\/de\/wp-json\/wp\/v2\/pages\/358\/revisions\/1483"}],"wp:attachment":[{"href":"https:\/\/alacharmprices.com\/de\/wp-json\/wp\/v2\/media?parent=358"}],"curies":[{"name":"wp","href":"https:\/\/api.w.org\/{rel}","templated":true}]}}