{"id":350,"date":"2019-07-26T12:04:55","date_gmt":"2019-07-26T12:04:55","guid":{"rendered":"https:\/\/alacharmprices.com\/?page_id=350"},"modified":"2019-08-05T09:49:20","modified_gmt":"2019-08-05T09:49:20","slug":"tequila-show","status":"publish","type":"page","link":"https:\/\/alacharmprices.com\/de\/tequila-show","title":{"rendered":"TEQUILA SHOW"},"content":{"rendered":"\n<p style=\"text-align: left;\"><span style=\"text-decoration: underline;\"><strong><img loading=\"lazy\" class=\"wp-image-307 alignleft\" src=\"https:\/\/alacharmprices.com\/wp-content\/uploads\/2019\/07\/show-2_10-201x300.jpg\" alt=\"\" width=\"201\" height=\"301\" srcset=\"https:\/\/alacharmprices.com\/wp-content\/uploads\/2019\/07\/show-2_10-201x300.jpg 201w, https:\/\/alacharmprices.com\/wp-content\/uploads\/2019\/07\/show-2_10-382x571.jpg 382w, https:\/\/alacharmprices.com\/wp-content\/uploads\/2019\/07\/show-2_10.jpg 428w\" sizes=\"(max-width: 201px) 100vw, 201px\" \/><\/strong><\/span><\/p>\n<p><span style=\"color: #ff0000; background-color: #ffffff;\"><strong>Einzelshow auf der B\u00fchne (auch f\u00fcr Gruppen): 100,- EUR<\/strong><\/span><\/p>\n<p style=\"text-align: left;\">Der Tequila geh\u00f6rt zu den feurigsten Getr\u00e4nken Lateinamerikas. Und diesem heiligen Schnaps haben wir eine ganze Show gewidmet. Dabei erf\u00e4hrt der Gast, wie so ein Getr\u00e4nk richtig zubereitet und genossen wird.<br>Das ganze unter Anleitung einer T\u00e4nzerin, die Ihren Puls erst einmal auf eine h\u00f6here Betriebstemperatur bringt. So richtig angeheizt, zeigt sie Ihnen, was Salz auf der Haut genau meint. Denn es kann sich dabei auch um die ihre Handeln!<br>Sp\u00e4testen, wenn der Tequila ins Spiel kommt, wird es so sinnlich, dass Sie k\u00fcnftig bei jedem Genuss des leckeren Feuerwassers an uns denken werden. Versprochen!<\/p>\n\n\n\n<p><img loading=\"lazy\" class=\"alignnone  wp-image-446\" src=\"https:\/\/alacharmprices.com\/wp-content\/uploads\/2019\/07\/show-2_14-201x300.jpg\" alt=\"\" width=\"268\" height=\"400\" srcset=\"https:\/\/alacharmprices.com\/wp-content\/uploads\/2019\/07\/show-2_14-201x300.jpg 201w, https:\/\/alacharmprices.com\/wp-content\/uploads\/2019\/07\/show-2_14-382x571.jpg 382w, https:\/\/alacharmprices.com\/wp-content\/uploads\/2019\/07\/show-2_14.jpg 428w\" sizes=\"(max-width: 268px) 100vw, 268px\" \/> <img loading=\"lazy\" class=\"alignnone  wp-image-445\" src=\"https:\/\/alacharmprices.com\/wp-content\/uploads\/2019\/07\/show-2_11-300x201.jpg\" alt=\"\" width=\"596\" height=\"399\" srcset=\"https:\/\/alacharmprices.com\/wp-content\/uploads\/2019\/07\/show-2_11-300x201.jpg 300w, https:\/\/alacharmprices.com\/wp-content\/uploads\/2019\/07\/show-2_11-382x255.jpg 382w, https:\/\/alacharmprices.com\/wp-content\/uploads\/2019\/07\/show-2_11-434x290.jpg 434w, https:\/\/alacharmprices.com\/wp-content\/uploads\/2019\/07\/show-2_11-512x342.jpg 512w, https:\/\/alacharmprices.com\/wp-content\/uploads\/2019\/07\/show-2_11.jpg 640w\" sizes=\"(max-width: 596px) 100vw, 596px\" \/><\/p>\n","protected":false},"excerpt":{"rendered":"","protected":false},"author":1,"featured_media":0,"parent":0,"menu_order":0,"comment_status":"closed","ping_status":"closed","template":"","meta":[],"_links":{"self":[{"href":"https:\/\/alacharmprices.com\/de\/wp-json\/wp\/v2\/pages\/350"}],"collection":[{"href":"https:\/\/alacharmprices.com\/de\/wp-json\/wp\/v2\/pages"}],"about":[{"href":"https:\/\/alacharmprices.com\/de\/wp-json\/wp\/v2\/types\/page"}],"author":[{"embeddable":true,"href":"https:\/\/alacharmprices.com\/de\/wp-json\/wp\/v2\/users\/1"}],"replies":[{"embeddable":true,"href":"https:\/\/alacharmprices.com\/de\/wp-json\/wp\/v2\/comments?post=350"}],"version-history":[{"count":20,"href":"https:\/\/alacharmprices.com\/de\/wp-json\/wp\/v2\/pages\/350\/revisions"}],"predecessor-version":[{"id":659,"href":"https:\/\/alacharmprices.com\/de\/wp-json\/wp\/v2\/pages\/350\/revisions\/659"}],"wp:attachment":[{"href":"https:\/\/alacharmprices.com\/de\/wp-json\/wp\/v2\/media?parent=350"}],"curies":[{"name":"wp","href":"https:\/\/api.w.org\/{rel}","templated":true}]}}