{"id":347,"date":"2019-07-26T12:03:16","date_gmt":"2019-07-26T12:03:16","guid":{"rendered":"https:\/\/alacharmprices.com\/?page_id=347"},"modified":"2020-01-09T12:34:35","modified_gmt":"2020-01-09T12:34:35","slug":"sahne-show","status":"publish","type":"page","link":"https:\/\/alacharmprices.com\/de\/sahne-show","title":{"rendered":"SAHNE SHOW"},"content":{"rendered":"\r\n<p style=\"text-align: center;\"><span style=\"text-decoration: underline;\"><strong><img loading=\"lazy\" class=\"wp-image-301 alignleft\" src=\"https:\/\/alacharmprices.com\/wp-content\/uploads\/2019\/07\/A_la_Charm_1530a-200x300-200x300.jpg\" alt=\"\" width=\"200\" height=\"301\" \/><\/strong><\/span><\/p>\r\n<p><span style=\"color: #ff0000; background-color: #ffffff;\"><strong>Einzelshow auf der B\u00fchne (auch f\u00fcr Gruppen): 100,- EUR<\/strong><\/span><\/p>\r\n<p>Sahnetorte oder Sahne auf Ihrem Kuchen k\u00f6nnen Sie zum Kaffee essen. Hier aber erleben Sie einzigartige Sahne Show! Lassen Sie sich doch mal unsere Sahne schmecken! Wir bieten Ihnen vier unterschiedliche Arten von Sahne Shows:<\/p>\r\n<p><strong>Sahne Show auf der B\u00fchne<\/strong><br \/>Buchen Sie die heisse und leckere Show auf der B\u00fchne. Unsere T\u00e4nzerinnen zeigen Ihnen auf ganz besondere Art, wie sie gegenseitig die Sahne von Ihren K\u00f6rpern naschen!<\/p>\r\n<p><strong>Sahne Show auf der Bar<\/strong><br \/>Ihnen reicht die B\u00fchne nicht? Buchen Sie die Show direkt vor Ihnen an der Bar! Unsere T\u00e4nzerinnen r\u00e4umen die Bar ab und sind selbst der Leckerbissen.<\/p>\r\n<p><strong>Sahne Show als Dessert zu unserem Highlight Programm \u201eStrip &#038; Steak\u201c f\u00fcr nur <span style=\"color: #ff0000; background-color: #ffffff;\">150\u20ac<\/span><\/strong><br \/>Unsere T\u00e4nzerinnen servieren Ihnen \u201eoben ohne\u201c in unserem exklusiven VIP-Bereich. Dazu genie\u00dfen Sie ein paar Gl\u00e4ser Wein oder Bier. Als speziell leckeren Dessert nehmen Sie selbst teil an unserer einzigartigen Sahne Show. Lassen Sie es sich schmecken!<\/p>\r\n<p><strong>Sahne Show als Dessert Show f\u00fcr nur <span style=\"color: #ff0000; background-color: #ffffff;\">150\u20ac<\/span><\/strong><br \/>Sie m\u00f6chten das deftige Steak \u00fcberspringen und gleich zum s\u00fc\u00dfen Teil \u00fcbergehen?<br \/>Dann buchen Sie Ihren Dessert. Haben Sie schon einmal Sahne von den sexy K\u00f6rpern unserer T\u00e4nzerinnen genascht? Nein?! Unsere T\u00e4nzerinnen warten darauf, Ihr Dessert zu sein!<\/p>\r\n\r\n\r\n\r\n<p><img loading=\"lazy\" class=\"alignnone size-medium wp-image-458\" src=\"https:\/\/alacharmprices.com\/wp-content\/uploads\/2019\/07\/12-200x300.jpg\" alt=\"\" width=\"200\" height=\"300\" srcset=\"https:\/\/alacharmprices.com\/wp-content\/uploads\/2019\/07\/12-200x300.jpg 200w, https:\/\/alacharmprices.com\/wp-content\/uploads\/2019\/07\/12-382x573.jpg 382w, https:\/\/alacharmprices.com\/wp-content\/uploads\/2019\/07\/12.jpg 427w\" sizes=\"(max-width: 200px) 100vw, 200px\" \/> <img loading=\"lazy\" class=\"alignnone  wp-image-459\" src=\"https:\/\/alacharmprices.com\/wp-content\/uploads\/2019\/07\/A_la_Charm_1485-200x300.jpg\" alt=\"\" width=\"201\" height=\"302\" srcset=\"https:\/\/alacharmprices.com\/wp-content\/uploads\/2019\/07\/A_la_Charm_1485-200x300.jpg 200w, https:\/\/alacharmprices.com\/wp-content\/uploads\/2019\/07\/A_la_Charm_1485-382x573.jpg 382w, https:\/\/alacharmprices.com\/wp-content\/uploads\/2019\/07\/A_la_Charm_1485.jpg 427w\" sizes=\"(max-width: 201px) 100vw, 201px\" \/> <img loading=\"lazy\" class=\"alignnone  wp-image-460\" src=\"https:\/\/alacharmprices.com\/wp-content\/uploads\/2019\/07\/A_la_Charm_1600-300x200.jpg\" alt=\"\" width=\"453\" height=\"302\" srcset=\"https:\/\/alacharmprices.com\/wp-content\/uploads\/2019\/07\/A_la_Charm_1600-300x200.jpg 300w, https:\/\/alacharmprices.com\/wp-content\/uploads\/2019\/07\/A_la_Charm_1600-382x255.jpg 382w, https:\/\/alacharmprices.com\/wp-content\/uploads\/2019\/07\/A_la_Charm_1600-434x290.jpg 434w, https:\/\/alacharmprices.com\/wp-content\/uploads\/2019\/07\/A_la_Charm_1600-512x342.jpg 512w, https:\/\/alacharmprices.com\/wp-content\/uploads\/2019\/07\/A_la_Charm_1600.jpg 640w\" sizes=\"(max-width: 453px) 100vw, 453px\" \/><\/p>\r\n","protected":false},"excerpt":{"rendered":"","protected":false},"author":1,"featured_media":0,"parent":0,"menu_order":0,"comment_status":"closed","ping_status":"closed","template":"","meta":[],"_links":{"self":[{"href":"https:\/\/alacharmprices.com\/de\/wp-json\/wp\/v2\/pages\/347"}],"collection":[{"href":"https:\/\/alacharmprices.com\/de\/wp-json\/wp\/v2\/pages"}],"about":[{"href":"https:\/\/alacharmprices.com\/de\/wp-json\/wp\/v2\/types\/page"}],"author":[{"embeddable":true,"href":"https:\/\/alacharmprices.com\/de\/wp-json\/wp\/v2\/users\/1"}],"replies":[{"embeddable":true,"href":"https:\/\/alacharmprices.com\/de\/wp-json\/wp\/v2\/comments?post=347"}],"version-history":[{"count":13,"href":"https:\/\/alacharmprices.com\/de\/wp-json\/wp\/v2\/pages\/347\/revisions"}],"predecessor-version":[{"id":1365,"href":"https:\/\/alacharmprices.com\/de\/wp-json\/wp\/v2\/pages\/347\/revisions\/1365"}],"wp:attachment":[{"href":"https:\/\/alacharmprices.com\/de\/wp-json\/wp\/v2\/media?parent=347"}],"curies":[{"name":"wp","href":"https:\/\/api.w.org\/{rel}","templated":true}]}}