{"id":344,"date":"2019-07-26T11:59:41","date_gmt":"2019-07-26T11:59:41","guid":{"rendered":"https:\/\/alacharmprices.com\/?page_id=344"},"modified":"2019-08-05T09:54:07","modified_gmt":"2019-08-05T09:54:07","slug":"nurse-show","status":"publish","type":"page","link":"https:\/\/alacharmprices.com\/de\/nurse-show","title":{"rendered":"NURSE SHOW"},"content":{"rendered":"\n<p style=\"text-align: left;\"><span style=\"text-decoration: underline;\"><strong><img loading=\"lazy\" class=\"wp-image-297 alignleft\" src=\"https:\/\/alacharmprices.com\/wp-content\/uploads\/2019\/07\/show-4_3-201x300.jpg\" alt=\"\" width=\"200\" height=\"298\" srcset=\"https:\/\/alacharmprices.com\/wp-content\/uploads\/2019\/07\/show-4_3-201x300.jpg 201w, https:\/\/alacharmprices.com\/wp-content\/uploads\/2019\/07\/show-4_3-382x571.jpg 382w, https:\/\/alacharmprices.com\/wp-content\/uploads\/2019\/07\/show-4_3.jpg 428w\" sizes=\"(max-width: 200px) 100vw, 200px\" \/><\/strong><\/span><\/p>\n<p><span style=\"color: #ff0000; background-color: #ffffff;\"><strong>Einzelshow auf der B\u00fchne (auch f\u00fcr Gruppen): 100,- EUR<\/strong><\/span><\/p>\n<p>Krankenschwestern sind im Grunde Engel. Sie hegen und pflegen die Bed\u00fcrftigen. Legen Verb\u00e4nde an und haben meist ein freundliches Wort auf den Lippen. So bleiben sie in unserer Fantasie haften und unerreichbar. Nicht bei uns! &nbsp;Hier erleben Sie die Stationsschwestern direkt und hautnah. Sp\u00e4rlich bekleidet in klassischer Rot-Kreuz-Tracht machen sie das wahr, was Sie sich im Krankenhausbett nur ertr\u00e4umen.<\/p>\n<p>Die Krankenschwestern-Show ist ein Klassiker der Stripteasekunst.&nbsp; Wir haben ihn neu arrangiert und modernisiert.&nbsp; Unsere T\u00e4nzerinnen lauschen mit einem Stethoskop ihrem Herzschlag, massieren liebevoll die verspannten Stellen und geben \u00e4rztliche Ratschl\u00e4ge zum Gesundwerden.&nbsp; Doch keine Sorge bei einer reinen Sprechstunde bleibt es nicht. Unsere Damen k\u00f6nnen noch mehr. Vor allem eins- sich aus dem engen Outfit sch\u00e4len, denn so frei l\u00e4sst sich der Patient entspannter untersuchen.&nbsp; Und da kann es schon mal vorkommen, dass auch er sich von ein paar Kleidungsst\u00fccken trennen muss. Schlie\u00dflich soll man ja an schmerzenden Stellen herankommen. Die ganze Untersuchung wird mit feurigen Rhythmen und einer Lightshow, die kein Hospital bieten kann inszeniert.<\/p>\n<p>Diese hei\u00dfe Verf\u00fchrung&nbsp; ist ein fester Bestandteil des B\u00fchnenprogramms im A La Charm, kann aber auch einzeln gebucht werden.&nbsp; Und irgendwelche Verspannungen hat ja jeder. \u201eAlso, wo tut es weh. Frau Doktor wird es schon richten.\u201c<\/p>\n\n\n\n<p><img loading=\"lazy\" class=\"alignnone  wp-image-421\" src=\"https:\/\/alacharmprices.com\/wp-content\/uploads\/2019\/07\/show-4_6-201x300.jpg\" alt=\"\" width=\"269\" height=\"401\" srcset=\"https:\/\/alacharmprices.com\/wp-content\/uploads\/2019\/07\/show-4_6-201x300.jpg 201w, https:\/\/alacharmprices.com\/wp-content\/uploads\/2019\/07\/show-4_6-382x571.jpg 382w, https:\/\/alacharmprices.com\/wp-content\/uploads\/2019\/07\/show-4_6.jpg 428w\" sizes=\"(max-width: 269px) 100vw, 269px\" \/> <img loading=\"lazy\" class=\"alignnone  wp-image-423\" src=\"https:\/\/alacharmprices.com\/wp-content\/uploads\/2019\/07\/show-4_8-201x300.jpg\" alt=\"\" width=\"269\" height=\"401\" srcset=\"https:\/\/alacharmprices.com\/wp-content\/uploads\/2019\/07\/show-4_8-201x300.jpg 201w, https:\/\/alacharmprices.com\/wp-content\/uploads\/2019\/07\/show-4_8-382x571.jpg 382w, https:\/\/alacharmprices.com\/wp-content\/uploads\/2019\/07\/show-4_8.jpg 428w\" sizes=\"(max-width: 269px) 100vw, 269px\" \/> <img loading=\"lazy\" class=\"alignnone  wp-image-422\" src=\"https:\/\/alacharmprices.com\/wp-content\/uploads\/2019\/07\/show-4_7-201x300.jpg\" alt=\"\" width=\"268\" height=\"400\" srcset=\"https:\/\/alacharmprices.com\/wp-content\/uploads\/2019\/07\/show-4_7-201x300.jpg 201w, https:\/\/alacharmprices.com\/wp-content\/uploads\/2019\/07\/show-4_7-382x571.jpg 382w, https:\/\/alacharmprices.com\/wp-content\/uploads\/2019\/07\/show-4_7.jpg 428w\" sizes=\"(max-width: 268px) 100vw, 268px\" \/><\/p>\n","protected":false},"excerpt":{"rendered":"","protected":false},"author":1,"featured_media":0,"parent":0,"menu_order":0,"comment_status":"closed","ping_status":"closed","template":"","meta":[],"_links":{"self":[{"href":"https:\/\/alacharmprices.com\/de\/wp-json\/wp\/v2\/pages\/344"}],"collection":[{"href":"https:\/\/alacharmprices.com\/de\/wp-json\/wp\/v2\/pages"}],"about":[{"href":"https:\/\/alacharmprices.com\/de\/wp-json\/wp\/v2\/types\/page"}],"author":[{"embeddable":true,"href":"https:\/\/alacharmprices.com\/de\/wp-json\/wp\/v2\/users\/1"}],"replies":[{"embeddable":true,"href":"https:\/\/alacharmprices.com\/de\/wp-json\/wp\/v2\/comments?post=344"}],"version-history":[{"count":9,"href":"https:\/\/alacharmprices.com\/de\/wp-json\/wp\/v2\/pages\/344\/revisions"}],"predecessor-version":[{"id":662,"href":"https:\/\/alacharmprices.com\/de\/wp-json\/wp\/v2\/pages\/344\/revisions\/662"}],"wp:attachment":[{"href":"https:\/\/alacharmprices.com\/de\/wp-json\/wp\/v2\/media?parent=344"}],"curies":[{"name":"wp","href":"https:\/\/api.w.org\/{rel}","templated":true}]}}