{"id":336,"date":"2019-07-26T11:47:39","date_gmt":"2019-07-26T11:47:39","guid":{"rendered":"https:\/\/alacharmprices.com\/?page_id=336"},"modified":"2019-08-05T09:52:51","modified_gmt":"2019-08-05T09:52:51","slug":"polizei-show","status":"publish","type":"page","link":"https:\/\/alacharmprices.com\/de\/polizei-show","title":{"rendered":"POLIZEI SHOW"},"content":{"rendered":"\n<p style=\"text-align: left;\"><span style=\"text-decoration: underline;\"><strong><br><img loading=\"lazy\" class=\" wp-image-414 alignleft\" src=\"https:\/\/alacharmprices.com\/wp-content\/uploads\/2019\/07\/show-7_1-201x300.jpg\" alt=\"\" width=\"161\" height=\"241\" srcset=\"https:\/\/alacharmprices.com\/wp-content\/uploads\/2019\/07\/show-7_1-201x300.jpg 201w, https:\/\/alacharmprices.com\/wp-content\/uploads\/2019\/07\/show-7_1-382x571.jpg 382w, https:\/\/alacharmprices.com\/wp-content\/uploads\/2019\/07\/show-7_1.jpg 428w\" sizes=\"(max-width: 161px) 100vw, 161px\" \/><span style=\"color: #ff0000; background-color: #ffffff;\">Einzelshow auf der B\u00fchne (auch f\u00fcr Gruppen): 100,- EUR<\/span><br><\/strong><\/span><\/p>\n<p>Begegnungen mit der Polizei mag nicht jeder \u2013 unsere Politessen dagegen m\u00f6gen alle. Denn ihre Art der Leibesvisitation unterscheidet sich deutlich von der so unfreundlichen Art der Gesetzesh\u00fcter.<\/p>\n<p>Sie sind einf\u00fchlsam, fordernd, dulden keinen Widerspruch und sind doch dabei so verdammt sexy. Erleben Sie eine B\u00fchnenshow bei der Sie als kleiner Gauner ausf\u00fchrlich gefilzt und in den Genuss von weiblichen Reizen geraten. Noch nie war das Klicken von Handschellen ein so sch\u00f6ner Ton<\/p>\n<p>&nbsp;<\/p>\n\n\n\n<p><img loading=\"lazy\" class=\"alignnone  wp-image-407\" src=\"https:\/\/alacharmprices.com\/wp-content\/uploads\/2019\/07\/A_la_Charm_1070-200x300.jpg\" alt=\"\" width=\"267\" height=\"401\" srcset=\"https:\/\/alacharmprices.com\/wp-content\/uploads\/2019\/07\/A_la_Charm_1070-200x300.jpg 200w, https:\/\/alacharmprices.com\/wp-content\/uploads\/2019\/07\/A_la_Charm_1070-382x573.jpg 382w, https:\/\/alacharmprices.com\/wp-content\/uploads\/2019\/07\/A_la_Charm_1070.jpg 427w\" sizes=\"(max-width: 267px) 100vw, 267px\" \/> <img loading=\"lazy\" class=\"alignnone  wp-image-408\" src=\"https:\/\/alacharmprices.com\/wp-content\/uploads\/2019\/07\/A_la_Charm_1097-200x300.jpg\" alt=\"\" width=\"266\" height=\"399\" srcset=\"https:\/\/alacharmprices.com\/wp-content\/uploads\/2019\/07\/A_la_Charm_1097-200x300.jpg 200w, https:\/\/alacharmprices.com\/wp-content\/uploads\/2019\/07\/A_la_Charm_1097-382x573.jpg 382w, https:\/\/alacharmprices.com\/wp-content\/uploads\/2019\/07\/A_la_Charm_1097.jpg 427w\" sizes=\"(max-width: 266px) 100vw, 266px\" \/> <img loading=\"lazy\" class=\"alignnone  wp-image-409\" src=\"https:\/\/alacharmprices.com\/wp-content\/uploads\/2019\/07\/A_la_Charm_1101-200x300.jpg\" alt=\"\" width=\"267\" height=\"401\" srcset=\"https:\/\/alacharmprices.com\/wp-content\/uploads\/2019\/07\/A_la_Charm_1101-200x300.jpg 200w, https:\/\/alacharmprices.com\/wp-content\/uploads\/2019\/07\/A_la_Charm_1101-382x573.jpg 382w, https:\/\/alacharmprices.com\/wp-content\/uploads\/2019\/07\/A_la_Charm_1101.jpg 427w\" sizes=\"(max-width: 267px) 100vw, 267px\" \/><\/p>\n","protected":false},"excerpt":{"rendered":"","protected":false},"author":1,"featured_media":0,"parent":0,"menu_order":0,"comment_status":"closed","ping_status":"closed","template":"","meta":[],"_links":{"self":[{"href":"https:\/\/alacharmprices.com\/de\/wp-json\/wp\/v2\/pages\/336"}],"collection":[{"href":"https:\/\/alacharmprices.com\/de\/wp-json\/wp\/v2\/pages"}],"about":[{"href":"https:\/\/alacharmprices.com\/de\/wp-json\/wp\/v2\/types\/page"}],"author":[{"embeddable":true,"href":"https:\/\/alacharmprices.com\/de\/wp-json\/wp\/v2\/users\/1"}],"replies":[{"embeddable":true,"href":"https:\/\/alacharmprices.com\/de\/wp-json\/wp\/v2\/comments?post=336"}],"version-history":[{"count":15,"href":"https:\/\/alacharmprices.com\/de\/wp-json\/wp\/v2\/pages\/336\/revisions"}],"predecessor-version":[{"id":661,"href":"https:\/\/alacharmprices.com\/de\/wp-json\/wp\/v2\/pages\/336\/revisions\/661"}],"wp:attachment":[{"href":"https:\/\/alacharmprices.com\/de\/wp-json\/wp\/v2\/media?parent=336"}],"curies":[{"name":"wp","href":"https:\/\/api.w.org\/{rel}","templated":true}]}}