{"id":333,"date":"2019-07-26T11:45:14","date_gmt":"2019-07-26T11:45:14","guid":{"rendered":"https:\/\/alacharmprices.com\/?page_id=333"},"modified":"2020-01-09T12:35:59","modified_gmt":"2020-01-09T12:35:59","slug":"dusch-show","status":"publish","type":"page","link":"https:\/\/alacharmprices.com\/de\/dusch-show","title":{"rendered":"DUSCH SHOW"},"content":{"rendered":"\r\n<p style=\"text-align: left;\"><span style=\"text-decoration: underline;\"><strong><img loading=\"lazy\" class=\"wp-image-288 alignleft\" src=\"https:\/\/alacharmprices.com\/wp-content\/uploads\/2019\/07\/Picture-008b-196x300-196x300.jpg\" alt=\"\" width=\"200\" height=\"306\" \/><\/strong><\/span><\/p>\r\n<p><span style=\"color: #ffffff;\"><strong>Suchen auch Sie eine einzigartige und aussergew\u00f6hnliche \u00dcberraschung? Oder vielleicht f\u00fcr Ihre Freunde? Wir pr\u00e4sentieren Ihnen die in Hamburg einzigartige Dusch Show und Dusch-Lesben-Show!<\/strong><\/span><\/p>\r\n<p><span style=\"color: #ff0000; background-color: #ffffff;\"><strong>Dusch Show Einzelshow 100,- EUR<\/strong><\/span><\/p>\r\n<p><span style=\"color: #ff0000; background-color: #ffffff;\"><strong>Dusch Show Einzelshow mit Gast\u00a0200,- EUR<\/strong><\/span><\/p>\r\n<p><span style=\"color: #ff0000; background-color: #ffffff;\"><strong>Lesbian Dusch Show 120,-EUR<\/strong><\/span><\/p>\r\n<p>Nutzen Sie die Gelegenheit, eine einzigartige Show in Hamburg zu sehen! Erleben Sie eine unvergessliche Show in der Dusche. Direkt vor Ihren Augen pr\u00e4sentieren Ihnen die besten Striptease-T\u00e4nzerinnen von Hamburg unter flie\u00dfendem Wasser tanzend verf\u00fchrerisch und erotisch ihre wunderbaren K\u00f6rper.<\/p>\r\n<p>Darf es noch ein Highlight mehr sein? Sie oder einer Ihrer Freunde m\u00f6chte sogar gemeinsam mit einer unserer T\u00e4nzerinnen eine erotische Dusche erleben? Warum nicht\u2026 Wir garantieren puren Erlebnis-Spass!<\/p>\r\n<p>Vorsicht! Sie erleben puren erotischen Spass! Hier bleiben viele G\u00e4ste bis zum Morgen!<\/p>\r\n<p><span style=\"background-color: #ff0000;\">DUSCH SHOW MIT GAST ANGEBOTt:<\/span><\/p>\r\n<p>200\u20ac Dusch Show mit Kunde pauschal<br \/>\u00a0 5\u20ac Eintritt pro person<br \/>\u00a0 10\u20ac Dollar$ f\u00fcr Tip$ (5 $-Scheine) pro Person<br \/>\u00a0<em> (optional) 10\u20ac Platzreservierung pro Person<\/em><\/p>\r\n<p><span style=\"color: #ffffff;\"><strong><img loading=\"lazy\" class=\"wp-image-400 alignleft\" src=\"https:\/\/alacharmprices.com\/wp-content\/uploads\/2019\/07\/A_la_Charm_0928-300x200.jpg\" alt=\"\" width=\"600\" height=\"400\" srcset=\"https:\/\/alacharmprices.com\/wp-content\/uploads\/2019\/07\/A_la_Charm_0928-300x200.jpg 300w, https:\/\/alacharmprices.com\/wp-content\/uploads\/2019\/07\/A_la_Charm_0928-382x255.jpg 382w, https:\/\/alacharmprices.com\/wp-content\/uploads\/2019\/07\/A_la_Charm_0928-434x290.jpg 434w, https:\/\/alacharmprices.com\/wp-content\/uploads\/2019\/07\/A_la_Charm_0928-512x342.jpg 512w, https:\/\/alacharmprices.com\/wp-content\/uploads\/2019\/07\/A_la_Charm_0928.jpg 640w\" sizes=\"(max-width: 600px) 100vw, 600px\" \/><\/strong><\/span><\/p>\r\n","protected":false},"excerpt":{"rendered":"","protected":false},"author":1,"featured_media":0,"parent":0,"menu_order":0,"comment_status":"closed","ping_status":"closed","template":"","meta":[],"_links":{"self":[{"href":"https:\/\/alacharmprices.com\/de\/wp-json\/wp\/v2\/pages\/333"}],"collection":[{"href":"https:\/\/alacharmprices.com\/de\/wp-json\/wp\/v2\/pages"}],"about":[{"href":"https:\/\/alacharmprices.com\/de\/wp-json\/wp\/v2\/types\/page"}],"author":[{"embeddable":true,"href":"https:\/\/alacharmprices.com\/de\/wp-json\/wp\/v2\/users\/1"}],"replies":[{"embeddable":true,"href":"https:\/\/alacharmprices.com\/de\/wp-json\/wp\/v2\/comments?post=333"}],"version-history":[{"count":21,"href":"https:\/\/alacharmprices.com\/de\/wp-json\/wp\/v2\/pages\/333\/revisions"}],"predecessor-version":[{"id":1367,"href":"https:\/\/alacharmprices.com\/de\/wp-json\/wp\/v2\/pages\/333\/revisions\/1367"}],"wp:attachment":[{"href":"https:\/\/alacharmprices.com\/de\/wp-json\/wp\/v2\/media?parent=333"}],"curies":[{"name":"wp","href":"https:\/\/api.w.org\/{rel}","templated":true}]}}