{"id":277,"date":"2019-07-25T21:59:56","date_gmt":"2019-07-25T21:59:56","guid":{"rendered":"https:\/\/alacharmprices.com\/?page_id=277"},"modified":"2022-07-27T09:25:14","modified_gmt":"2022-07-27T09:25:14","slug":"shows","status":"publish","type":"page","link":"https:\/\/alacharmprices.com\/de\/shows","title":{"rendered":"SHOWS"},"content":{"rendered":"\r\n<p><span style=\"color: #ffffff;\"><strong><img loading=\"lazy\" class=\"wp-image-400 aligncenter\" src=\"https:\/\/alacharmprices.com\/wp-content\/uploads\/2019\/07\/A_la_Charm_0928-300x200.jpg\" alt=\"\" width=\"600\" height=\"400\" srcset=\"https:\/\/alacharmprices.com\/wp-content\/uploads\/2019\/07\/A_la_Charm_0928-300x200.jpg 300w, https:\/\/alacharmprices.com\/wp-content\/uploads\/2019\/07\/A_la_Charm_0928-382x255.jpg 382w, https:\/\/alacharmprices.com\/wp-content\/uploads\/2019\/07\/A_la_Charm_0928-434x290.jpg 434w, https:\/\/alacharmprices.com\/wp-content\/uploads\/2019\/07\/A_la_Charm_0928-512x342.jpg 512w, https:\/\/alacharmprices.com\/wp-content\/uploads\/2019\/07\/A_la_Charm_0928.jpg 640w\" sizes=\"(max-width: 600px) 100vw, 600px\" \/><\/strong><\/span><\/p>\r\n<p style=\"text-align: center;\"><span style=\"color: #ff0000; background-color: #ffffff;\"><strong>DUSCH-SHOW <\/strong><em>(laufend)<\/em><\/span><\/p>\r\n<p style=\"text-align: left;\">Wir freuen uns au\u00dferordentlich, unsere einzigartige DUSCH-SHOW pr\u00e4sentieren zu d\u00fcrfen, die sie nur in unserem Club erleben k\u00f6nnen und die uns von allen anderen Clubs unterscheidet. Die DUSCH-SHOW wird von jeder T\u00e4nzerin jedesmal direkt im Anschluss an ihre B\u00fchnendarstellung getanzt. Die DUSCH-SHOW ist etwas ganz besonders und allein schon um sie zu genie\u00dfen, lohnt sich der Besuch in unseren Club!<\/p>\r\n<p style=\"text-align: center;\"><span style=\"background-color: #ff0000;\">Die DUSCH-SHOW ist im Eintrittspreis eingeschlossen<\/span><\/p>\r\n<p style=\"text-align: center;\">&#8212;&#8212;&#8212;&#8212;&#8212;&#8212;&#8212;&#8212;&#8212;&#8212;&#8212;&#8211;<\/p>\r\n<p style=\"text-align: center;\"><a href=\"https:\/\/alacharmprices.com\/dusch-show\"><span style=\"text-decoration: underline;\"><span style=\"color: #ffffff;\"><span style=\"color: #ff0000; background-color: #ffffff;\"><strong>DUSCH-SHOW MIT GAST<\/strong><\/span><\/span><\/span><\/a><\/p>\r\n<p style=\"text-align: left;\"><a href=\"https:\/\/alacharmprices.com\/dusch-show\"><span style=\"text-decoration: underline;\"><span style=\"color: #ffffff;\"><img loading=\"lazy\" class=\"aligncenter wp-image-288 size-full\" src=\"https:\/\/alacharmprices.com\/wp-content\/uploads\/2019\/07\/Picture-008b-196x300.jpg\" alt=\"\" width=\"196\" height=\"300\" \/><\/span><\/span><\/a><\/p>\r\n<p>Wir bieten ebenfalls eine besondere Show an \u201eDUSCH-SHOW MIT GAST\u201c und auch diese absolut fantastische und unvergessliche Erfahrung k\u00f6nnen Sie nur bei uns erleben \u2013 grade f\u00fcr einen Junggesellenabschied einfach ideal.<\/p>\r\n<p style=\"text-align: center;\"><span style=\"background-color: #ff0000;\">PREIS f\u00fcr 10 Min &#8211; <strong>150\u20ac<\/strong><\/span><\/p>\r\n<p style=\"text-align: center;\">&#8212;&#8212;&#8212;&#8212;&#8212;&#8212;&#8212;&#8212;&#8212;&#8212;&#8212;&#8212;<\/p>\r\n<p style=\"text-align: center;\"><span style=\"color: #ff0000; background-color: #ffffff;\"><strong>LESBISCHE DUSCH-SHOW<\/strong><\/span><\/p>\r\n<p>Genie\u00dfen Sie die Lesbische DUSCH-SHOW: seien wir ehrlich, es gibt nichts, was erotischer w\u00e4re!<\/p>\r\n<p style=\"text-align: center;\"><span style=\"background-color: #ff0000;\">PREIS f\u00fcr 10 Min &#8211; <strong>60\u20ac<\/strong><\/span><\/p>\r\n<p style=\"text-align: center;\">&#8212;&#8212;&#8212;&#8212;&#8212;&#8212;&#8212;&#8212;&#8212;&#8212;<\/p>\r\n<p style=\"text-align: center;\"><span style=\"color: #ff0000; background-color: #ffffff;\"><strong>B\u00dcHNEN-SHOWs<\/strong><em>\u00a0&#8211;<\/em><strong> 60\u20ac<\/strong><\/span><\/p>\r\n<p>Wir bieten eine Reihe Spezialshows, bei denen der Gast auf die B\u00fchne geholt und ins Program mit der T\u00e4nzerin eingebunden wird, bei dem die perfekte \u00dcberraschung garantiert wird &#8211; ideal, um einen Freund oder Partner zu erfreuen, oder auch f\u00fcr einen Junggesellenabschied. Diese Shows werden auf der gro\u00dfen B\u00fchne TOPLESS ausgef\u00fchrt. Dazu geh\u00f6ren:<\/p>\r\n<p style=\"text-align: center;\">Tequila Show<\/p>\r\n<p style=\"text-align: center;\">Domina Show<\/p>\r\n<p style=\"text-align: center;\">Sahne Show<\/p>\r\n<p style=\"text-align: center;\">Krankenschwester Show<\/p>\r\n<p style=\"text-align: center;\">&#8212;&#8212;&#8212;&#8212;&#8212;&#8212;&#8212;&#8212;&#8212;&#8211;<\/p>\r\n<p>Aufenthalt direkt an der Gro\u00dfen B\u00fchne (ohne Abschirmung), wo Sie in den direkten Kontakt mit der Show-t\u00e4nzerin kommen k\u00f6nnen:<\/p>\r\n<p style=\"text-align: center;\"><span style=\"background-color: #ff0000;\">PREIS: 20\u20ac (15 Min, inkl. 1 Longdrink)<\/span><\/p>\r\n<p><\/p>\r\n<h1 style=\"text-align: center;\"><a href=\"https:\/\/alacharmprices.com\/rabatt\"><span style=\"color: #261533;\">HAMBURG<\/span><\/a><\/h1>","protected":false},"excerpt":{"rendered":"","protected":false},"author":1,"featured_media":0,"parent":0,"menu_order":0,"comment_status":"closed","ping_status":"closed","template":"","meta":[],"_links":{"self":[{"href":"https:\/\/alacharmprices.com\/de\/wp-json\/wp\/v2\/pages\/277"}],"collection":[{"href":"https:\/\/alacharmprices.com\/de\/wp-json\/wp\/v2\/pages"}],"about":[{"href":"https:\/\/alacharmprices.com\/de\/wp-json\/wp\/v2\/types\/page"}],"author":[{"embeddable":true,"href":"https:\/\/alacharmprices.com\/de\/wp-json\/wp\/v2\/users\/1"}],"replies":[{"embeddable":true,"href":"https:\/\/alacharmprices.com\/de\/wp-json\/wp\/v2\/comments?post=277"}],"version-history":[{"count":91,"href":"https:\/\/alacharmprices.com\/de\/wp-json\/wp\/v2\/pages\/277\/revisions"}],"predecessor-version":[{"id":1467,"href":"https:\/\/alacharmprices.com\/de\/wp-json\/wp\/v2\/pages\/277\/revisions\/1467"}],"wp:attachment":[{"href":"https:\/\/alacharmprices.com\/de\/wp-json\/wp\/v2\/media?parent=277"}],"curies":[{"name":"wp","href":"https:\/\/api.w.org\/{rel}","templated":true}]}}