{"id":169,"date":"2019-07-24T16:26:29","date_gmt":"2019-07-24T16:26:29","guid":{"rendered":"https:\/\/alacharmprices.com\/?page_id=169"},"modified":"2021-11-03T17:41:24","modified_gmt":"2021-11-03T17:41:24","slug":"tips","status":"publish","type":"page","link":"https:\/\/alacharmprices.com\/de\/tips","title":{"rendered":"Tabledance"},"content":{"rendered":"\r\n<table class=\"wp-block-table\" style=\"width: 107.866%; height: 480px;\">\r\n<tbody>\r\n<tr>\r\n<td style=\"width: 100%;\">\r\n<p><img loading=\"lazy\" class=\"aligncenter wp-image-1444 size-large\" src=\"https:\/\/alacharmprices.com\/wp-content\/uploads\/2021\/09\/3adae886-8dd2-4f00-bd79-527e2eefb51a-768x1024.jpg\" alt=\"\" width=\"768\" height=\"1024\" srcset=\"https:\/\/alacharmprices.com\/wp-content\/uploads\/2021\/09\/3adae886-8dd2-4f00-bd79-527e2eefb51a-768x1024.jpg 768w, https:\/\/alacharmprices.com\/wp-content\/uploads\/2021\/09\/3adae886-8dd2-4f00-bd79-527e2eefb51a-225x300.jpg 225w, https:\/\/alacharmprices.com\/wp-content\/uploads\/2021\/09\/3adae886-8dd2-4f00-bd79-527e2eefb51a-1152x1536.jpg 1152w, https:\/\/alacharmprices.com\/wp-content\/uploads\/2021\/09\/3adae886-8dd2-4f00-bd79-527e2eefb51a-440x587.jpg 440w, https:\/\/alacharmprices.com\/wp-content\/uploads\/2021\/09\/3adae886-8dd2-4f00-bd79-527e2eefb51a-500x667.jpg 500w, https:\/\/alacharmprices.com\/wp-content\/uploads\/2021\/09\/3adae886-8dd2-4f00-bd79-527e2eefb51a-800x1067.jpg 800w, https:\/\/alacharmprices.com\/wp-content\/uploads\/2021\/09\/3adae886-8dd2-4f00-bd79-527e2eefb51a-512x683.jpg 512w, https:\/\/alacharmprices.com\/wp-content\/uploads\/2021\/09\/3adae886-8dd2-4f00-bd79-527e2eefb51a.jpg 1200w\" sizes=\"(max-width: 768px) 100vw, 768px\" \/><\/p>\r\n<p style=\"text-align: center;\"><span style=\"color: #ff0000;\"><span style=\"color: #ff0000; background-color: #ffffff;\">MIT $ ANFASSEN IST ERLAUBT!<\/span><\/span><\/p>\r\n<p><strong>Tabledance, sowie das Trinkgeld, mit dem Sie unsere T\u00e4nzerinnen f\u00fcr ihre Vorf\u00fchrungen belohnen k\u00f6nnen, werden ausschlie\u00dflich mit der internen Clubw\u00e4hrung bezahlt. Gef\u00e4llt Ihnen eine unserer T\u00e4nzerinnen, k\u00f6nnen Dollarnoten jederzeit bei dem Servicepersonal erworben werden.<\/strong><\/p>\r\n<p style=\"text-align: center;\"><span style=\"color: #ff0000; background-color: #ffffff;\">DOLLAR PREIS: 5$ = 10\u20ac<\/span><\/p>\r\n<p>Sie k\u00f6nnen auch TOPLESS TABLEDANCE in der VIP Lounge genie\u00dfen. Bitte bedenken Sie, dass f\u00fcr gro\u00dfe Gruppen die Gardinen nicht zugemacht werden und der TABLEDANCE auf der Gro\u00dfen B\u00fchne getanzt wird &#8211; <span style=\"background-color: #ff0000;\">NO SEPAREE.<\/span><\/p>\r\n<p>Es gibt einige Begrenzungen in Bezug auf die m\u00f6gliche G\u00e4stezahl beim TABLEDANCE je nach Dauer:<\/p>\r\n<p style=\"text-align: center;\"><strong>05 min<\/strong><\/p>\r\n<p style=\"text-align: left;\">Max. 5 G\u00e4ste &#8211; <strong>1 T\u00e4nzerin &#8211;<\/strong> 60\u20ac<\/p>\r\n<p style=\"text-align: left;\">Tisch mieten <em>(ohne T\u00e4nzerin)<\/em> &#8211; 35<strong>\u20ac<\/strong><\/p>\r\n<\/td>\r\n<\/tr>\r\n<\/tbody>\r\n<\/table>\r\n<p><\/p>\r\n<h1 style=\"text-align: center;\"><a href=\"https:\/\/alacharmprices.com\/dollar-kalkulator\"><span style=\"color: #261533;\">HAMBURG<\/span><\/a><\/h1>","protected":false},"excerpt":{"rendered":"","protected":false},"author":1,"featured_media":0,"parent":0,"menu_order":0,"comment_status":"closed","ping_status":"closed","template":"","meta":[],"_links":{"self":[{"href":"https:\/\/alacharmprices.com\/de\/wp-json\/wp\/v2\/pages\/169"}],"collection":[{"href":"https:\/\/alacharmprices.com\/de\/wp-json\/wp\/v2\/pages"}],"about":[{"href":"https:\/\/alacharmprices.com\/de\/wp-json\/wp\/v2\/types\/page"}],"author":[{"embeddable":true,"href":"https:\/\/alacharmprices.com\/de\/wp-json\/wp\/v2\/users\/1"}],"replies":[{"embeddable":true,"href":"https:\/\/alacharmprices.com\/de\/wp-json\/wp\/v2\/comments?post=169"}],"version-history":[{"count":89,"href":"https:\/\/alacharmprices.com\/de\/wp-json\/wp\/v2\/pages\/169\/revisions"}],"predecessor-version":[{"id":1449,"href":"https:\/\/alacharmprices.com\/de\/wp-json\/wp\/v2\/pages\/169\/revisions\/1449"}],"wp:attachment":[{"href":"https:\/\/alacharmprices.com\/de\/wp-json\/wp\/v2\/media?parent=169"}],"curies":[{"name":"wp","href":"https:\/\/api.w.org\/{rel}","templated":true}]}}