{"id":165,"date":"2019-07-23T14:17:16","date_gmt":"2019-07-23T14:17:16","guid":{"rendered":"https:\/\/alacharmprices.com\/?page_id=165"},"modified":"2021-09-27T19:49:44","modified_gmt":"2021-09-27T19:49:44","slug":"champagner","status":"publish","type":"page","link":"https:\/\/alacharmprices.com\/de\/champagner","title":{"rendered":"CHAMPAGNER"},"content":{"rendered":"\r\n<p><img loading=\"lazy\" class=\"aligncenter wp-image-365 size-full\" src=\"https:\/\/alacharmprices.com\/wp-content\/uploads\/2019\/07\/A_La_Charm_1367.jpg\" alt=\"\" width=\"640\" height=\"427\" srcset=\"https:\/\/alacharmprices.com\/wp-content\/uploads\/2019\/07\/A_La_Charm_1367.jpg 640w, https:\/\/alacharmprices.com\/wp-content\/uploads\/2019\/07\/A_La_Charm_1367-300x200.jpg 300w, https:\/\/alacharmprices.com\/wp-content\/uploads\/2019\/07\/A_La_Charm_1367-382x255.jpg 382w, https:\/\/alacharmprices.com\/wp-content\/uploads\/2019\/07\/A_La_Charm_1367-434x290.jpg 434w, https:\/\/alacharmprices.com\/wp-content\/uploads\/2019\/07\/A_La_Charm_1367-512x342.jpg 512w\" sizes=\"(max-width: 640px) 100vw, 640px\" \/><\/p>\r\n<p>Entspannen, abschalten, relaxen oder angeregt Business betreiben mit einem Glas Chaer in der Hand im VIP-Bereich!<\/p>\r\n<p>Das A La Charm bietet daf\u00fcr den idealen Rahmen. Unser gro\u00dfz\u00fcgiger VIP-Bereich ist mit bequemen Sitzgarnituren ausgestattet und besitzt sogar eine eigene B\u00fchne. Unseren G\u00e4sten wird nat\u00fcrlich eine aufmerksame Bedienung an die Seite gestellt. Angezogen oder Oben Ohne\u00a0 \u2013 ganz nach Ihrem Wunsch. Unser VIP-Bereich ist komplett <span style=\"color: #ffffff;\">abtrennbar und verwandelt sich schnell in ein <span style=\"color: #ff0000;\">S\u00e9par\u00e9e<\/span><\/span>, so dass sie ungest\u00f6rt sind, zum Beispiel f\u00fcr einen Private Dance. Gerne servieren wir Ihnen dort Speisen, die von unseren Gastronomiepartnern nach ihren Vorgaben erstellt werden.\u00a0<\/p>\r\n<p>Doch glauben Sie nicht der VIP-Bereich ist nur was f\u00fcr M\u00e4nner, schon viele <span style=\"color: #ff0000;\">Frauen<\/span> hatten hinter dem Vorhang einen Mordspass.<\/p>\r\n<p>Im folgenden listen wir unsere Champagne-Pakete f\u00fcr den VIP-Bereich auf, zu denen sowohl die Getr\u00e4nke als auch die Gesellschaft und die Performances unserer T\u00e4nzerinnen geh\u00f6ren. <span style=\"color: #ff0000;\">Rauchen<\/span> ist im VIP-Bereich gestattet, Anfassen der T\u00e4nzerinnen w\u00e4hrend der Stripshows ebenfalls. \u00dcber die Grenzen des Anfassens entscheiden die T\u00e4nzerinnen selbst und es geht eher um z\u00e4rtliches Streicheln\u00a0und nicht um grobes Befummeln oder gar Klapsen oder Klatschen. Leichte Ber\u00fchrungen, ohne Kraft Anwendung sind bis auf den Genitalbereich\u00a0willkommen.<\/p>\r\n<p><img loading=\"lazy\" class=\"wp-image-1174 aligncenter\" src=\"https:\/\/alacharmprices.com\/wp-content\/uploads\/2019\/12\/A_La_Charm-1755.2-300x200.jpg\" alt=\"\" width=\"350\" height=\"233\" srcset=\"https:\/\/alacharmprices.com\/wp-content\/uploads\/2019\/12\/A_La_Charm-1755.2-300x200.jpg 300w, https:\/\/alacharmprices.com\/wp-content\/uploads\/2019\/12\/A_La_Charm-1755.2-768x512.jpg 768w, https:\/\/alacharmprices.com\/wp-content\/uploads\/2019\/12\/A_La_Charm-1755.2-1024x683.jpg 1024w, https:\/\/alacharmprices.com\/wp-content\/uploads\/2019\/12\/A_La_Charm-1755.2-440x293.jpg 440w, https:\/\/alacharmprices.com\/wp-content\/uploads\/2019\/12\/A_La_Charm-1755.2-500x333.jpg 500w, https:\/\/alacharmprices.com\/wp-content\/uploads\/2019\/12\/A_La_Charm-1755.2-800x533.jpg 800w, https:\/\/alacharmprices.com\/wp-content\/uploads\/2019\/12\/A_La_Charm-1755.2-512x341.jpg 512w\" sizes=\"(max-width: 350px) 100vw, 350px\" \/><\/p>\r\n<p style=\"text-align: center;\"><span style=\"text-decoration: underline;\"><span style=\"color: #ff0000; background-color: #ffffff;\">0,2 Liter Flaschen<\/span><\/span><\/p>\r\n<p><span style=\"text-decoration: underline;\"><strong>Mo\u00ebt Chand<\/strong><\/span> 200\u20ac<\/p>\r\n<p style=\"text-align: center;\"><span style=\"text-decoration: underline;\"><span style=\"color: #ff0000; background-color: #ffffff;\">0,375 Liter Flaschen<\/span><\/span><\/p>\r\n<p><span style=\"text-decoration: underline;\"><strong>Veuve Clicquot<\/strong><\/span> 350\u20ac<\/p>\r\n<p style=\"text-align: center;\"><span style=\"text-decoration: underline;\"><span style=\"color: #ff0000; background-color: #ffffff;\">0,75 Liter Flaschen<\/span><\/span><\/p>\r\n<p><span style=\"text-decoration: underline;\"><strong>Veuve Clicquot Brut<\/strong><\/span> 450\u20ac<\/p>\r\n<p><span style=\"text-decoration: underline;\"><strong>Mo\u00ebt Ch. Nec. Imp.<\/strong><\/span> 550\u20ac<\/p>\r\n<p><span style=\"text-decoration: underline;\"><strong>Mo\u00ebt Ch. Ros\u00e9 Imp.<\/strong><\/span> 700\u20ac<\/p>\r\n<p><span style=\"text-decoration: underline;\"><strong>Dom P\u00e9rignon<\/strong><\/span> 1.250\u20ac<\/p>\r\n<p><span style=\"text-decoration: underline;\"><strong>Louis Roed. Cristal<\/strong><\/span> 1.500\u20ac<\/p>\r\n<h1 style=\"text-align: center;\"><a href=\"https:\/\/alacharmprices.com\/champagne-kalkulator\"><span style=\"color: #261533;\">HAMBURG<\/span><\/a><\/h1>\r\n","protected":false},"excerpt":{"rendered":"","protected":false},"author":1,"featured_media":0,"parent":0,"menu_order":0,"comment_status":"closed","ping_status":"closed","template":"","meta":[],"_links":{"self":[{"href":"https:\/\/alacharmprices.com\/de\/wp-json\/wp\/v2\/pages\/165"}],"collection":[{"href":"https:\/\/alacharmprices.com\/de\/wp-json\/wp\/v2\/pages"}],"about":[{"href":"https:\/\/alacharmprices.com\/de\/wp-json\/wp\/v2\/types\/page"}],"author":[{"embeddable":true,"href":"https:\/\/alacharmprices.com\/de\/wp-json\/wp\/v2\/users\/1"}],"replies":[{"embeddable":true,"href":"https:\/\/alacharmprices.com\/de\/wp-json\/wp\/v2\/comments?post=165"}],"version-history":[{"count":92,"href":"https:\/\/alacharmprices.com\/de\/wp-json\/wp\/v2\/pages\/165\/revisions"}],"predecessor-version":[{"id":1439,"href":"https:\/\/alacharmprices.com\/de\/wp-json\/wp\/v2\/pages\/165\/revisions\/1439"}],"wp:attachment":[{"href":"https:\/\/alacharmprices.com\/de\/wp-json\/wp\/v2\/media?parent=165"}],"curies":[{"name":"wp","href":"https:\/\/api.w.org\/{rel}","templated":true}]}}