{"id":163,"date":"2019-07-23T14:09:09","date_gmt":"2019-07-23T14:09:09","guid":{"rendered":"https:\/\/alacharmprices.com\/?page_id=163"},"modified":"2021-11-04T14:13:48","modified_gmt":"2021-11-04T14:13:48","slug":"lady-drinks","status":"publish","type":"page","link":"https:\/\/alacharmprices.com\/de\/lady-drinks","title":{"rendered":"LADY DRINKS"},"content":{"rendered":"\r\n<p><span style=\"text-decoration: underline;\"><strong>Lady Drink<\/strong><\/span> &#8211; 40,00 \u20ac, inkl. 1 Getr\u00e4nk f\u00fcr die T\u00e4nzerin (nach ihrer Wahl) und Zugang zur <span style=\"color: #ff0000;\">Smoking Lounge<\/span><\/p>\r\n<p>Nichts kann das erste Gespr\u00e4ch mit dem M\u00e4dchen besser lockern als der leckere Lady Drink!<\/p>\r\n<h1 style=\"text-align: center;\"><a href=\"https:\/\/alacharmprices.com\/lady-drink-kalkulator\"><span style=\"color: #261533;\">HAMBURG<\/span><\/a><\/h1>\r\n","protected":false},"excerpt":{"rendered":"","protected":false},"author":1,"featured_media":0,"parent":0,"menu_order":0,"comment_status":"closed","ping_status":"closed","template":"","meta":[],"_links":{"self":[{"href":"https:\/\/alacharmprices.com\/de\/wp-json\/wp\/v2\/pages\/163"}],"collection":[{"href":"https:\/\/alacharmprices.com\/de\/wp-json\/wp\/v2\/pages"}],"about":[{"href":"https:\/\/alacharmprices.com\/de\/wp-json\/wp\/v2\/types\/page"}],"author":[{"embeddable":true,"href":"https:\/\/alacharmprices.com\/de\/wp-json\/wp\/v2\/users\/1"}],"replies":[{"embeddable":true,"href":"https:\/\/alacharmprices.com\/de\/wp-json\/wp\/v2\/comments?post=163"}],"version-history":[{"count":75,"href":"https:\/\/alacharmprices.com\/de\/wp-json\/wp\/v2\/pages\/163\/revisions"}],"predecessor-version":[{"id":1454,"href":"https:\/\/alacharmprices.com\/de\/wp-json\/wp\/v2\/pages\/163\/revisions\/1454"}],"wp:attachment":[{"href":"https:\/\/alacharmprices.com\/de\/wp-json\/wp\/v2\/media?parent=163"}],"curies":[{"name":"wp","href":"https:\/\/api.w.org\/{rel}","templated":true}]}}