{"id":1469,"date":"2022-12-13T14:54:27","date_gmt":"2022-12-13T14:54:27","guid":{"rendered":"https:\/\/alacharmprices.com\/?page_id=1469"},"modified":"2022-12-14T13:45:05","modified_gmt":"2022-12-14T13:45:05","slug":"marketing","status":"publish","type":"page","link":"https:\/\/alacharmprices.com\/de\/marketing","title":{"rendered":"MARKETING"},"content":{"rendered":"<p>\u25a1 Die T\u00e4nzerin tanzt 1 x pro Stunde, d.h. Maximal 8 x pro Nacht<\/p>\n<p>\u25a1 Wenn mehr als 4 T\u00e4nzerinnen arbeiten, verl\u00e4ngert sich die Pause zwischen den Auftritten um 15 Min. Z.B. bei 6 T\u00e4nzerinnen arbeitet eine T\u00e4nzerin 1 x pro 1,5 Stunden und damit 6 x pro Nacht.<\/p>\n<p>\u25a1 Wenn 4 T\u00e4nzerinnen arbeiten, gilt der Standardablauf und jede T\u00e4nzerin tanzt 1 x pro Stunde<\/p>\n<p>\u25a1 Wenn 3 T\u00e4nzerinnen da sind und eine der T\u00e4nzerinnen in der VIP-Lounge arbeitet, bleibt der normale Arbeitsablauf erhalten, nur die Pause zwischen den Lieder verl\u00e4ngert sich um 5 Minuten.<\/p>\n<p>\u25a1 Bei der Verteilung der VIP-Lounge und der Private Dances kann es manchmal passieren, dass eine T\u00e4nzerin mehr, die andere weniger getanzt hat. Der Club bem\u00fcht sich, die Auftr\u00e4ge gleichm\u00e4\u00dfig zu verteilen, doch die Realit\u00e4t bringt manchmal ihre eigenen Korrekturen. Wir bitten euch, sich nicht vernachl\u00e4ssigt zu f\u00fchlen!<\/p>\n<p>\u25a1 Die Qualit\u00e4t und der ununterbrochene Verlauf der Shows ist f\u00fcr den Club ebenso wichtig wie die VIP-Lounge und die Private Dances und wir k\u00f6nnen uns nicht nur auf die letzten konzentrieren. Deswegen bitten wir, die Private Dances nicht unmittelbar vor dem eigenen Auftritt auf der B\u00fchne zu verkaufen, denn genau f\u00fcr diesen Auftritt wird die Festgage gezahlt. Aus diesem Grund kann es passieren, dass wir euch zuerst bitten, die Show zu tanzen und erst dann zum Private Dance zu gehen.<\/p>\n<p>\u25a1 Die Arbeit im Team ist f\u00fcr uns ganz wichtig, deswegen bitten wir die T\u00e4nzerinnen die grade frei von Private Dance und VIP sind die anderen bei einigen Aufgaben zu ersetzen, die im weiteren erl\u00e4utert werden.<\/p>\n<p>\u25a1 Es ist ebenfalls wichtig, dass die Shows immer in der gleichen Abfolge laufen, unabh\u00e4ngig davon wie viele G\u00e4ste grade im Saaal sind, ob eins oder ein volles Haus \u2013 die T\u00e4nzerin tanz 1 x pro Stunde (au\u00dfer wenn es mehr als 4 T\u00e4nzerinnen sind).<\/p>\n<p>\u25a1 Der Club schlie\u00dft um 5 oder 6 Uhr, \u00fcber eine fr\u00fchere Schlie\u00dfung soll nicht gefragt werden und in Ausnahmef\u00e4llen kann der Manager oder seine beauftragte Person \u00fcber eine fr\u00fchere Schlie\u00dfung entscheiden.<\/p>\n<p>\u25a1 Der Auftritt dauert 15 Minuten und damit 4 Lieder: 2 Songs auf der B\u00fchne Topless und 2 Songs in der Dusche (einfach erotische Bewegungen zur Musik). Die Dusch-show ist die beste Werbung f\u00fcr einen Private Dance. Denkt daran, dass die Kunden haupts\u00e4chlich wegen der <span style=\"color: #ff0000;\">DUSCH-SHOW<\/span> kommen, alles andere ist eine Zugabe.<\/p>\n<p>\u25a1 Nach der Dusch-show hat die T\u00e4nzerin eine 10 Min Pause, um sich zu erholen und ein wenig auszuruhen.<\/p>\n<p>\u25a1 Die restliche Zeit (35 Min) verbringt die T\u00e4nzerin im Saal und besch\u00e4ftigt sich mit den folgenden Aufgaben:<\/p>\n<p>1) Begr\u00fc\u00dfung der neuen Kunden und Begleitung zu den freien Pl\u00e4tzen und Getr\u00e4nke\u00fcbergabe. Das eigentliche Ziel ist die Kontaktherstellung und der Verkauf der Dollar-TIP$. Dabei erkl\u00e4rt die T\u00e4nzerin dem Gast, dass er schon ab 1\u20ac pro 1 Dollar-TIP in den Genuss von Table Dance kommen kann und sein St\u00fcckchen der erotischen Torte direkt an der B\u00fchne neben der ihm gefallenen T\u00e4nzerin genie\u00dfen kann. Bei 1 TIP f\u00e4ngt es an, das Ziel ist aber, in den Kontakt mit dem Gast zu kommen, um weitere TIP$ und Trinkgeld auf der B\u00fchne zu bekommen.<\/p>\n<p>2) Beim Anblick eines neuen Kunden wird jede freie T\u00e4nzerin zu einem gastfreundlichen Manager und Berater f\u00fcr die Club-Aktivit\u00e4ten.<\/p>\n<p>3) Direkter Kontakt und Gespr\u00e4che mit den Kunden im Saal<\/p>\n<p>4) Animation der Kunden, in dem die T\u00e4nzerin erotisch an der Bar pr\u00e4sentiert, ob im Sitzen oder auch im Liegen<\/p>\n","protected":false},"excerpt":{"rendered":"","protected":false},"author":1,"featured_media":0,"parent":0,"menu_order":0,"comment_status":"closed","ping_status":"closed","template":"","meta":[],"_links":{"self":[{"href":"https:\/\/alacharmprices.com\/de\/wp-json\/wp\/v2\/pages\/1469"}],"collection":[{"href":"https:\/\/alacharmprices.com\/de\/wp-json\/wp\/v2\/pages"}],"about":[{"href":"https:\/\/alacharmprices.com\/de\/wp-json\/wp\/v2\/types\/page"}],"author":[{"embeddable":true,"href":"https:\/\/alacharmprices.com\/de\/wp-json\/wp\/v2\/users\/1"}],"replies":[{"embeddable":true,"href":"https:\/\/alacharmprices.com\/de\/wp-json\/wp\/v2\/comments?post=1469"}],"version-history":[{"count":8,"href":"https:\/\/alacharmprices.com\/de\/wp-json\/wp\/v2\/pages\/1469\/revisions"}],"predecessor-version":[{"id":1482,"href":"https:\/\/alacharmprices.com\/de\/wp-json\/wp\/v2\/pages\/1469\/revisions\/1482"}],"wp:attachment":[{"href":"https:\/\/alacharmprices.com\/de\/wp-json\/wp\/v2\/media?parent=1469"}],"curies":[{"name":"wp","href":"https:\/\/api.w.org\/{rel}","templated":true}]}}