{"id":1137,"date":"2019-12-05T13:54:14","date_gmt":"2019-12-05T13:54:14","guid":{"rendered":"https:\/\/alacharmprices.com\/?page_id=1137"},"modified":"2020-01-10T10:02:39","modified_gmt":"2020-01-10T10:02:39","slug":"strip-and-steak","status":"publish","type":"page","link":"https:\/\/alacharmprices.com\/de\/strip-and-steak","title":{"rendered":"Strip &#038; Steak"},"content":{"rendered":"<h1 style=\"text-align: center;\"><a href=\"https:\/\/alacharmprices.com\/kalkulator\"><span style=\"color: #261533;\">HAMBURG<\/span><\/a><\/h1>\n<p><img loading=\"lazy\" class=\"wp-image-1139 aligncenter\" src=\"https:\/\/alacharmprices.com\/wp-content\/uploads\/2019\/12\/A_La_Charm-2136-1-200x300.jpg\" alt=\"\" width=\"300\" height=\"450\" srcset=\"https:\/\/alacharmprices.com\/wp-content\/uploads\/2019\/12\/A_La_Charm-2136-1-200x300.jpg 200w, https:\/\/alacharmprices.com\/wp-content\/uploads\/2019\/12\/A_La_Charm-2136-1-768x1152.jpg 768w, https:\/\/alacharmprices.com\/wp-content\/uploads\/2019\/12\/A_La_Charm-2136-1-683x1024.jpg 683w, https:\/\/alacharmprices.com\/wp-content\/uploads\/2019\/12\/A_La_Charm-2136-1-440x660.jpg 440w, https:\/\/alacharmprices.com\/wp-content\/uploads\/2019\/12\/A_La_Charm-2136-1-500x750.jpg 500w, https:\/\/alacharmprices.com\/wp-content\/uploads\/2019\/12\/A_La_Charm-2136-1-800x1200.jpg 800w, https:\/\/alacharmprices.com\/wp-content\/uploads\/2019\/12\/A_La_Charm-2136-1-512x768.jpg 512w\" sizes=\"(max-width: 300px) 100vw, 300px\" \/><\/p>\n<p style=\"text-align: center;\"><span style=\"background-color: #ff0000;\">STRIP &#038; STEAK ANGEBOT:<\/span><\/p>\n<div><span style=\"text-decoration: underline;\"><span style=\"color: #ff0000; background-color: #ffffff;\"><strong>69\u20ac<\/strong><\/span><\/span> <span style=\"text-decoration: underline;\">Strip &#038; Steak pro Person<\/span> <em>(saftiger argentinischer Steak mit Beilage, B\u00fchnenshow, attraktive Bedienung)<\/em><\/div>\n<div>+<\/div>\n<div><span style=\"text-decoration: underline;\"><span style=\"color: #ff0000; background-color: #ffffff;\"><strong>5\u20ac<\/strong><\/span><\/span>\u00a0 <span style=\"text-decoration: underline;\">Eintritt pro Person<\/span><\/div>\n<div><em>\u00a0+<\/em><\/div>\n<div>\n<div>\n<div><span style=\"text-decoration: underline;\"><span style=\"color: #ff0000; background-color: #ffffff; text-decoration: underline;\"><strong>10\u20ac<\/strong><\/span><\/span> <span style=\"text-decoration: underline;\">Dollarscheine f\u00fcr die TIPP$ ZONE<\/span><\/div>\n<div>+<\/div>\n<div>\n<div><span style=\"text-decoration: underline;\"><span style=\"color: #ff0000; background-color: #ffffff;\"><strong>15\u20ac<\/strong><\/span><\/span> <span style=\"text-decoration: underline;\">Sitzplatz in der SMOKING LOUNGE<\/span><em> oder <\/em><span style=\"color: #ff0000; background-color: #ffffff;\"><strong>200\u20ac<\/strong><\/span> <span style=\"text-decoration: underline;\">Sitzplatz in der VIP LOUNGE<\/span> <em>(max. 5 Personen, jede weitere person +20\u20ac, max. 7 Personen pro Tisch m\u00f6glich)<\/em><\/div>\n<div>+<\/div>\n<\/div>\n<\/div>\n<\/div>\n<div>\n<div><span style=\"color: #ff0000;\"><span style=\"color: #ffffff;\">Optional k\u00f6nnen Sie unseren TOPLESS SERViCE <\/span><\/span>f\u00fcr nur <span style=\"color: #ff0000; background-color: #ffffff;\"><strong>150\u20ac<\/strong><\/span>\u00a0genie\u00dfen<\/div>\n<div>oder eine SAHNE SHOW f\u00fcr <span style=\"color: #ff0000; background-color: #ffffff;\"><strong>150\u20ac<\/strong><\/span> als sinnliches Dessert bestellen.<\/div>\n<\/div>\n<div><\/div>\n<p><img loading=\"lazy\" class=\"wp-image-1200 alignleft\" src=\"https:\/\/alacharmprices.com\/wp-content\/uploads\/2019\/12\/A_La_Charm-1756.2-300x200.jpg\" alt=\"\" width=\"350\" height=\"233\" srcset=\"https:\/\/alacharmprices.com\/wp-content\/uploads\/2019\/12\/A_La_Charm-1756.2-300x200.jpg 300w, https:\/\/alacharmprices.com\/wp-content\/uploads\/2019\/12\/A_La_Charm-1756.2-768x512.jpg 768w, https:\/\/alacharmprices.com\/wp-content\/uploads\/2019\/12\/A_La_Charm-1756.2-1024x683.jpg 1024w, https:\/\/alacharmprices.com\/wp-content\/uploads\/2019\/12\/A_La_Charm-1756.2-440x293.jpg 440w, https:\/\/alacharmprices.com\/wp-content\/uploads\/2019\/12\/A_La_Charm-1756.2-500x333.jpg 500w, https:\/\/alacharmprices.com\/wp-content\/uploads\/2019\/12\/A_La_Charm-1756.2-800x533.jpg 800w, https:\/\/alacharmprices.com\/wp-content\/uploads\/2019\/12\/A_La_Charm-1756.2-512x341.jpg 512w\" sizes=\"(max-width: 350px) 100vw, 350px\" \/><\/p>\n<p>Ideal, um Ihren Gesch\u00e4ftspartner zu \u00fcberraschen oder einen Freund zu seinem Geburtstag zu begl\u00fcckw\u00fcnschen. Auch f\u00fcr einen Junggesellenabschied ist unser \u201eStrip &#038; Steak\u201c sehr beliebt, denn unsere sexy T\u00e4nzerinnen sind immer bereit, Ihnen das perfekte Dessert zu servieren<\/p>\n<p><span style=\"color: #ff0000;\"><a style=\"color: #ff0000;\" href=\"https:\/\/alacharmprices.com\/de\/sahne-show\">SAHNE SHOW<\/a><\/span><\/p>\n<p>oder den Helden des Abends mit einem Private Dance zu \u00fcberraschen<\/p>\n<p><span style=\"color: #ff0000;\"><a style=\"color: #ff0000;\" href=\"https:\/\/alacharmprices.com\/de\/private-dance-description\">PRIVATE DANCE<\/a><\/span><\/p>\n<p>oder ihm eine besondere Art zu zeigen, Tequila zu trinken<\/p>\n<p><a href=\"https:\/\/alacharmprices.com\/de\/tequila-show\"><span style=\"color: #ff0000;\">TEQUILA SHOW<\/span><\/a><\/p>\n<p>oder ihn schlie\u00dflich von allen Beschwerden zu befreien<\/p>\n<p><a href=\"https:\/\/alacharmprices.com\/de\/nurse-show\"><span style=\"color: #ff0000;\">KRANKENSCHWESTER SHOW<\/span><\/a><\/p>\n<p>Dieses Format ist einzigartig und wird Ihren Freunden und dem Helden des Abends viel Spa\u00df der Extraklasse bereiten. Wenn Sie immer noch nicht \u00fcberzeugt sind, steigen Sie in die Dusche mit einer von unseren T\u00e4nzerinnen oder lassen Ihren Freund oder Kollegen in die Dusche steigen, es wird unvergesslich!<\/p>\n<p><a href=\"https:\/\/alacharmprices.com\/de\/dusch-show\"><span style=\"color: #ff0000;\">DUSCH SHOW<\/span><\/a><\/p>\n<p><em><span style=\"color: #ff0000;\"><span style=\"color: #ff0000; background-color: #ffffff;\">Beeilen Sie sich und bestellen Sie jetzt, denn die Pl\u00e4tze sind begrenzt!<\/span><\/span><\/em><\/p>\n","protected":false},"excerpt":{"rendered":"","protected":false},"author":1,"featured_media":0,"parent":0,"menu_order":0,"comment_status":"closed","ping_status":"closed","template":"","meta":[],"_links":{"self":[{"href":"https:\/\/alacharmprices.com\/de\/wp-json\/wp\/v2\/pages\/1137"}],"collection":[{"href":"https:\/\/alacharmprices.com\/de\/wp-json\/wp\/v2\/pages"}],"about":[{"href":"https:\/\/alacharmprices.com\/de\/wp-json\/wp\/v2\/types\/page"}],"author":[{"embeddable":true,"href":"https:\/\/alacharmprices.com\/de\/wp-json\/wp\/v2\/users\/1"}],"replies":[{"embeddable":true,"href":"https:\/\/alacharmprices.com\/de\/wp-json\/wp\/v2\/comments?post=1137"}],"version-history":[{"count":41,"href":"https:\/\/alacharmprices.com\/de\/wp-json\/wp\/v2\/pages\/1137\/revisions"}],"predecessor-version":[{"id":1369,"href":"https:\/\/alacharmprices.com\/de\/wp-json\/wp\/v2\/pages\/1137\/revisions\/1369"}],"wp:attachment":[{"href":"https:\/\/alacharmprices.com\/de\/wp-json\/wp\/v2\/media?parent=1137"}],"curies":[{"name":"wp","href":"https:\/\/api.w.org\/{rel}","templated":true}]}}