{"id":1027,"date":"2019-11-25T12:45:47","date_gmt":"2019-11-25T12:45:47","guid":{"rendered":"https:\/\/alacharmprices.com\/?page_id=1027"},"modified":"2022-06-16T18:30:09","modified_gmt":"2022-06-16T18:30:09","slug":"private-dance-description","status":"publish","type":"page","link":"https:\/\/alacharmprices.com\/de\/private-dance-description","title":{"rendered":"Private Dance"},"content":{"rendered":"\r\n<table class=\"wp-block-table\" style=\"width: 101.893%; height: 803px;\">\r\n<tbody>\r\n<tr style=\"height: 352px;\">\r\n<td style=\"text-align: center; width: 100%; height: 352px;\"><img loading=\"lazy\" class=\"aligncenter wp-image-259 size-full\" src=\"https:\/\/alacharmprices.com\/wp-content\/uploads\/2019\/07\/private_home.jpg\" alt=\"\" width=\"400\" height=\"351\" srcset=\"https:\/\/alacharmprices.com\/wp-content\/uploads\/2019\/07\/private_home.jpg 400w, https:\/\/alacharmprices.com\/wp-content\/uploads\/2019\/07\/private_home-300x263.jpg 300w, https:\/\/alacharmprices.com\/wp-content\/uploads\/2019\/07\/private_home-382x335.jpg 382w\" sizes=\"(max-width: 400px) 100vw, 400px\" \/>\r\n<p style=\"text-align: left;\">Wir haben die Freude, Ihnen unseren Private Dance Bereich vorzustellen, wo Sie einen sehr spezieller und h\u00f6chst intimen Tanz mit Fullstrip erleben k\u00f6nnen.<\/p>\r\n<p><span style=\"color: #ff0000; background-color: #ffffff;\">Full Strip in private room! Anfassen erlaubt!<\/span><\/p>\r\n<p style=\"text-align: left;\">\u00dcber die Grenzen des Anfassens entscheiden die T\u00e4nzerinnen selbst und es geht eher um z\u00e4rtliches Streicheln und AUF KEINEN FALL um grobes Befummeln oder gar um Klapsen oder Klatschen. Leichte Ber\u00fchrungen, ohne Kraft Anwendung sind bis auf den Genitalbereich willkommen.<\/p>\r\n<p><span style=\"color: #ff0000; background-color: #ffffff;\">Fragen Sie unsere T\u00e4nzerinnen jetzt!<\/span><\/p>\r\n<p style=\"text-align: left;\">Es gibt einige Begrenzungen in Bezug auf die G\u00e4stezahl beim Private Dance je nach Dauer:<\/p>\r\n<p align=\"CENTER\"><span style=\"color: #ff0000; background-color: #ffffff;\">Preise:<\/span><\/p>\r\n<p><strong>5 min<\/strong><\/p>\r\n<p style=\"text-align: left;\">Max. 4 G\u00e4ste &#8211; 1 T\u00e4nzerin\u00a0 &#8211; <strong>100\u20ac<\/strong><br \/>Kabine mieten<em> (ohne T\u00e4nzerin)<\/em> &#8211; <strong>60\u20ac<\/strong><\/p>\r\n<p>&#8212;&#8212;-<\/p>\r\n<p><strong>10 min<\/strong><\/p>\r\n<p style=\"text-align: left;\">Max. 4 G\u00e4ste &#8211; 1 T\u00e4nzerin &#8211; <strong>150\u20ac<\/strong><br \/>Kabine mieten<em> (ohne T\u00e4nzerin)<\/em> &#8211; <strong>90\u20ac<\/strong><\/p>\r\n<p>&#8212;&#8212;-<\/p>\r\n<p><strong>60 min<\/strong><\/p>\r\n<p style=\"text-align: left;\">Max. 2 G\u00e4ste &#8211; 1 T\u00e4nzerin\u00a0 &#8211; <strong>500\u20ac<\/strong><br \/>Kabine mieten<em> (ohne T\u00e4nzerin)<\/em> &#8211; <strong>300\u20ac<\/strong><\/p>\r\n<\/td>\r\n<\/tr>\r\n<tr style=\"height: 451px;\">\r\n<td style=\"width: 100%; height: 451px;\">\r\n<p><img loading=\"lazy\" class=\"alignnone size-medium wp-image-265\" src=\"https:\/\/alacharmprices.com\/wp-content\/uploads\/2019\/07\/privatedance_6-201x300.jpg\" alt=\"\" width=\"201\" height=\"300\" srcset=\"https:\/\/alacharmprices.com\/wp-content\/uploads\/2019\/07\/privatedance_6-201x300.jpg 201w, https:\/\/alacharmprices.com\/wp-content\/uploads\/2019\/07\/privatedance_6-382x571.jpg 382w, https:\/\/alacharmprices.com\/wp-content\/uploads\/2019\/07\/privatedance_6.jpg 428w\" sizes=\"(max-width: 201px) 100vw, 201px\" \/> <img loading=\"lazy\" class=\"alignnone size-medium wp-image-264\" src=\"https:\/\/alacharmprices.com\/wp-content\/uploads\/2019\/07\/privatedance_5-201x300.jpg\" alt=\"\" width=\"201\" height=\"300\" srcset=\"https:\/\/alacharmprices.com\/wp-content\/uploads\/2019\/07\/privatedance_5-201x300.jpg 201w, https:\/\/alacharmprices.com\/wp-content\/uploads\/2019\/07\/privatedance_5-382x571.jpg 382w, https:\/\/alacharmprices.com\/wp-content\/uploads\/2019\/07\/privatedance_5.jpg 428w\" sizes=\"(max-width: 201px) 100vw, 201px\" \/> <img loading=\"lazy\" class=\"alignnone size-medium wp-image-263\" src=\"https:\/\/alacharmprices.com\/wp-content\/uploads\/2019\/07\/privatedance_4-201x300.jpg\" alt=\"\" width=\"201\" height=\"300\" srcset=\"https:\/\/alacharmprices.com\/wp-content\/uploads\/2019\/07\/privatedance_4-201x300.jpg 201w, https:\/\/alacharmprices.com\/wp-content\/uploads\/2019\/07\/privatedance_4-382x571.jpg 382w, https:\/\/alacharmprices.com\/wp-content\/uploads\/2019\/07\/privatedance_4.jpg 428w\" sizes=\"(max-width: 201px) 100vw, 201px\" \/><\/p>\r\n<\/td>\r\n<\/tr>\r\n<\/tbody>\r\n<\/table>\r\n","protected":false},"excerpt":{"rendered":"","protected":false},"author":1,"featured_media":0,"parent":0,"menu_order":0,"comment_status":"closed","ping_status":"closed","template":"","meta":[],"_links":{"self":[{"href":"https:\/\/alacharmprices.com\/de\/wp-json\/wp\/v2\/pages\/1027"}],"collection":[{"href":"https:\/\/alacharmprices.com\/de\/wp-json\/wp\/v2\/pages"}],"about":[{"href":"https:\/\/alacharmprices.com\/de\/wp-json\/wp\/v2\/types\/page"}],"author":[{"embeddable":true,"href":"https:\/\/alacharmprices.com\/de\/wp-json\/wp\/v2\/users\/1"}],"replies":[{"embeddable":true,"href":"https:\/\/alacharmprices.com\/de\/wp-json\/wp\/v2\/comments?post=1027"}],"version-history":[{"count":75,"href":"https:\/\/alacharmprices.com\/de\/wp-json\/wp\/v2\/pages\/1027\/revisions"}],"predecessor-version":[{"id":1465,"href":"https:\/\/alacharmprices.com\/de\/wp-json\/wp\/v2\/pages\/1027\/revisions\/1465"}],"wp:attachment":[{"href":"https:\/\/alacharmprices.com\/de\/wp-json\/wp\/v2\/media?parent=1027"}],"curies":[{"name":"wp","href":"https:\/\/api.w.org\/{rel}","templated":true}]}}